{"id":1055,"date":"2023-03-20T08:35:36","date_gmt":"2023-03-20T06:35:36","guid":{"rendered":"https:\/\/\/?page_id=1055"},"modified":"2023-03-20T11:52:50","modified_gmt":"2023-03-20T09:52:50","slug":"svenska","status":"publish","type":"page","link":"https:\/\/gamlabastun.fi\/eng\/svenska\/","title":{"rendered":"svenska"},"content":{"rendered":"<p>\u00a0<\/p>\n<h1 style=\"text-align: center;\">Vi h\u00e5ller p\u00e5 att slutf\u00f6ra dessa sidor<\/h1>\n<p><img loading=\"lazy\" decoding=\"async\" class=\"aligncenter size-full wp-image-1081\" src=\"https:\/\/\/wp-content\/uploads\/sites\/3\/GB-logo-sve3.jpg\" alt=\"GB-logo-sve3\" width=\"300\" height=\"185\" \/><\/p>\n","protected":false},"excerpt":{"rendered":"<p>\u00a0 Vi h\u00e5ller p\u00e5 att slutf\u00f6ra dessa sidor<\/p>\n","protected":false},"author":1,"featured_media":0,"parent":0,"menu_order":0,"comment_status":"closed","ping_status":"closed","template":"","meta":{"footnotes":""},"class_list":["post-1055","page","type-page","status-publish","hentry"],"yoast_head":"<!-- This site is optimized with the Yoast SEO plugin v27.5 - https:\/\/yoast.com\/product\/yoast-seo-wordpress\/ -->\n<title>svenska - Gamla Bastun in English<\/title>\n<meta name=\"robots\" content=\"index, follow, max-snippet:-1, max-image-preview:large, max-video-preview:-1\" \/>\n<link rel=\"canonical\" href=\"https:\/\/gamlabastun.fi\/eng\/svenska\/\" \/>\n<meta property=\"og:locale\" content=\"fi_FI\" \/>\n<meta property=\"og:type\" content=\"article\" \/>\n<meta property=\"og:title\" content=\"svenska - Gamla Bastun in English\" \/>\n<meta property=\"og:description\" content=\"\u00a0 Vi h\u00e5ller p\u00e5 att slutf\u00f6ra dessa sidor\" \/>\n<meta property=\"og:url\" content=\"https:\/\/gamlabastun.fi\/eng\/svenska\/\" \/>\n<meta property=\"og:site_name\" content=\"Gamla Bastun in English\" \/>\n<meta property=\"article:modified_time\" content=\"2023-03-20T09:52:50+00:00\" \/>\n<meta name=\"twitter:card\" content=\"summary_large_image\" \/>\n<meta name=\"twitter:label1\" content=\"Arvioitu lukuaika\" \/>\n\t<meta name=\"twitter:data1\" content=\"1 minuutti\" \/>\n<script type=\"application\/ld+json\" class=\"yoast-schema-graph\">{\"@context\":\"https:\\\/\\\/schema.org\",\"@graph\":[{\"@type\":\"WebPage\",\"@id\":\"https:\\\/\\\/gamlabastun.fi\\\/eng\\\/svenska\\\/\",\"url\":\"https:\\\/\\\/gamlabastun.fi\\\/eng\\\/svenska\\\/\",\"name\":\"svenska - Gamla Bastun in English\",\"isPartOf\":{\"@id\":\"https:\\\/\\\/gamlabastun.fi\\\/eng\\\/#website\"},\"datePublished\":\"2023-03-20T06:35:36+00:00\",\"dateModified\":\"2023-03-20T09:52:50+00:00\",\"breadcrumb\":{\"@id\":\"https:\\\/\\\/gamlabastun.fi\\\/eng\\\/svenska\\\/#breadcrumb\"},\"inLanguage\":\"fi\",\"potentialAction\":[{\"@type\":\"ReadAction\",\"target\":[\"https:\\\/\\\/gamlabastun.fi\\\/eng\\\/svenska\\\/\"]}]},{\"@type\":\"BreadcrumbList\",\"@id\":\"https:\\\/\\\/gamlabastun.fi\\\/eng\\\/svenska\\\/#breadcrumb\",\"itemListElement\":[{\"@type\":\"ListItem\",\"position\":1,\"name\":\"Etusivu\",\"item\":\"https:\\\/\\\/gamlabastun.fi\\\/eng\\\/\"},{\"@type\":\"ListItem\",\"position\":2,\"name\":\"svenska\"}]},{\"@type\":\"WebSite\",\"@id\":\"https:\\\/\\\/gamlabastun.fi\\\/eng\\\/#website\",\"url\":\"https:\\\/\\\/gamlabastun.fi\\\/eng\\\/\",\"name\":\"Gamla Bastun in English\",\"description\":\"\",\"potentialAction\":[{\"@type\":\"SearchAction\",\"target\":{\"@type\":\"EntryPoint\",\"urlTemplate\":\"https:\\\/\\\/gamlabastun.fi\\\/eng\\\/?s={search_term_string}\"},\"query-input\":{\"@type\":\"PropertyValueSpecification\",\"valueRequired\":true,\"valueName\":\"search_term_string\"}}],\"inLanguage\":\"fi\"}]}<\/script>\n<!-- \/ Yoast SEO plugin. -->","yoast_head_json":{"title":"svenska - Gamla Bastun in English","robots":{"index":"index","follow":"follow","max-snippet":"max-snippet:-1","max-image-preview":"max-image-preview:large","max-video-preview":"max-video-preview:-1"},"canonical":"https:\/\/gamlabastun.fi\/eng\/svenska\/","og_locale":"fi_FI","og_type":"article","og_title":"svenska - Gamla Bastun in English","og_description":"\u00a0 Vi h\u00e5ller p\u00e5 att slutf\u00f6ra dessa sidor","og_url":"https:\/\/gamlabastun.fi\/eng\/svenska\/","og_site_name":"Gamla Bastun in English","article_modified_time":"2023-03-20T09:52:50+00:00","twitter_card":"summary_large_image","twitter_misc":{"Arvioitu lukuaika":"1 minuutti"},"schema":{"@context":"https:\/\/schema.org","@graph":[{"@type":"WebPage","@id":"https:\/\/gamlabastun.fi\/eng\/svenska\/","url":"https:\/\/gamlabastun.fi\/eng\/svenska\/","name":"svenska - Gamla Bastun in English","isPartOf":{"@id":"https:\/\/gamlabastun.fi\/eng\/#website"},"datePublished":"2023-03-20T06:35:36+00:00","dateModified":"2023-03-20T09:52:50+00:00","breadcrumb":{"@id":"https:\/\/gamlabastun.fi\/eng\/svenska\/#breadcrumb"},"inLanguage":"fi","potentialAction":[{"@type":"ReadAction","target":["https:\/\/gamlabastun.fi\/eng\/svenska\/"]}]},{"@type":"BreadcrumbList","@id":"https:\/\/gamlabastun.fi\/eng\/svenska\/#breadcrumb","itemListElement":[{"@type":"ListItem","position":1,"name":"Etusivu","item":"https:\/\/gamlabastun.fi\/eng\/"},{"@type":"ListItem","position":2,"name":"svenska"}]},{"@type":"WebSite","@id":"https:\/\/gamlabastun.fi\/eng\/#website","url":"https:\/\/gamlabastun.fi\/eng\/","name":"Gamla Bastun in English","description":"","potentialAction":[{"@type":"SearchAction","target":{"@type":"EntryPoint","urlTemplate":"https:\/\/gamlabastun.fi\/eng\/?s={search_term_string}"},"query-input":{"@type":"PropertyValueSpecification","valueRequired":true,"valueName":"search_term_string"}}],"inLanguage":"fi"}]}},"_links":{"self":[{"href":"https:\/\/gamlabastun.fi\/eng\/wp-json\/wp\/v2\/pages\/1055","targetHints":{"allow":["GET"]}}],"collection":[{"href":"https:\/\/gamlabastun.fi\/eng\/wp-json\/wp\/v2\/pages"}],"about":[{"href":"https:\/\/gamlabastun.fi\/eng\/wp-json\/wp\/v2\/types\/page"}],"author":[{"embeddable":true,"href":"https:\/\/gamlabastun.fi\/eng\/wp-json\/wp\/v2\/users\/1"}],"replies":[{"embeddable":true,"href":"https:\/\/gamlabastun.fi\/eng\/wp-json\/wp\/v2\/comments?post=1055"}],"version-history":[{"count":5,"href":"https:\/\/gamlabastun.fi\/eng\/wp-json\/wp\/v2\/pages\/1055\/revisions"}],"predecessor-version":[{"id":1082,"href":"https:\/\/gamlabastun.fi\/eng\/wp-json\/wp\/v2\/pages\/1055\/revisions\/1082"}],"wp:attachment":[{"href":"https:\/\/gamlabastun.fi\/eng\/wp-json\/wp\/v2\/media?parent=1055"}],"curies":[{"name":"wp","href":"https:\/\/api.w.org\/{rel}","templated":true}]}}