{"id":2,"date":"2021-05-05T08:29:56","date_gmt":"2021-05-05T05:29:56","guid":{"rendered":"https:\/\/\/?page_id=2"},"modified":"2023-04-27T13:16:17","modified_gmt":"2023-04-27T10:16:17","slug":"esimerkkisivu","status":"publish","type":"page","link":"https:\/\/gamlabastun.fi\/eng\/","title":{"rendered":"Cover"},"content":{"rendered":"<p style=\"text-align: center;\">Tammisaari (in Swedish: Eken\u00e4s) is a truly enticing small town where one can reach practically everything just by walking.<br \/>\n<span class=\"otsake\">Gamla Bastun (in English: the Old Sauna) is a gateway leading straight to the heart of the idyllic Eken\u00e4s Old Town.<\/span><\/p>\n<p style=\"text-align: left;\">One of the gems of those many picturesque buildings with historic significance is situated at the waterfront; it has been known for the past 120 years under the name\u00a0<i>Eken\u00e4s Badinr\u00e4ttning (Eken\u00e4s bathing facilities)<\/i>. Just here opens nothing less than a breathtaking view towards the glittering waters of the bay. Two high-end saunas along with modern bathing facilities will be built in these premises which will undergo a painstaking renovation. The property will include a total of five business venues (two of them in the old red brick building and three in the new sauna building). How about a wine bar and an antique shop, both situated on the street level just to please the leisurely strollers and visitors to Eken\u00e4s wishing to drop by?<\/p>\n<p style=\"text-align: left;\">The distinct Eken\u00e4s Badinr\u00e4ttning \u2013 a stately brick building designed back in 1903 by renown Finnish architect\u00a0 named Theodor H\u00f6ijer \u2013 is both culturally and (construction) historically valuable piece of architecture, officially protected by the township\u2019s generalplan (sr). This very building is not only a central piece of the old town\u2019s built cultural environment but an example boasting a nationwide architectural importance.<\/p>\n<p>&nbsp;<\/p>\n<h2 style=\"text-align: center;\">History<\/h2>\n<h3 style=\"text-align: center;\">Early history of the Eken\u00e4s bathing facilities (Eken\u00e4s badinr\u00e4ttning)<\/h3>\n<p><img loading=\"lazy\" decoding=\"async\" class=\"alignright size-full wp-image-696\" src=\"https:\/\/gamlabastun.fi\/eng\/wp-content\/uploads\/sites\/3\/historia.jpg\" alt=\"historia\" width=\"211\" height=\"212\" srcset=\"https:\/\/gamlabastun.fi\/eng\/wp-content\/uploads\/sites\/3\/historia.jpg 211w, https:\/\/gamlabastun.fi\/eng\/wp-content\/uploads\/sites\/3\/historia-199x200.jpg 199w, https:\/\/gamlabastun.fi\/eng\/wp-content\/uploads\/sites\/3\/historia-150x150.jpg 150w, https:\/\/gamlabastun.fi\/eng\/wp-content\/uploads\/sites\/3\/historia-125x125.jpg 125w\" sizes=\"auto, (max-width: 211px) 100vw, 211px\" \/><\/p>\n<p>In January 1902 Mr. <em>Lindman<\/em> decides to call up a meeting in order to see if founding a new bathing facility in the town would be feasible. Eventually, this leads to establishing a public company named <em>Aktiebolaget Eken\u00e4s Badinr\u00e4ttning;<\/em>\u00a0apart from Mr. Lindman three other gentlemen are to constitute the board: consul\u00a0<em>H\u00f6ijer<\/em>, master builder\u00a0<em>Fransson\u00a0<\/em>&gt;and bailiff\u00a0<em>Ljungberg<\/em>.<\/p>\n<p>The ambitious building under construction requires poling for its foundation due to its very close proximity to the seashore; however in July 1903 a new building is erected at the address V\u00e4stra Strandgatan. This exceptionally attractive building designed by\u00a0<i class=\"mcnt\">Theodor H\u00f6ijer<\/i>\u00a0is still in our time standing where it has always been \u2013 and we may say that, in the 2020s, the Gamla Bastun is in better shape than ever.<\/p>\n<p>The delicate line of H\u00f6ijer\u2019s pen and his most unique design style can be seen in many buildings of architectural significance to be found in the capital Helsinki, such as the public library at Rickhardinkatu (built in 1882), the art museum Ateneum (1887), one of the three museums forming the Finnish National Gallery, as well as the renowned Hotel K\u00e4mp (1887).<\/p>\n<p style=\"text-align: center;\"><a class=\"puh\" href=\"https:\/\/gamlabastun.fi\/eng\/history\/\"><strong><span style=\"color: #fff;\">Read more \u00bb<\/span><\/strong><\/a><\/p>\n<p>&nbsp;<\/p>\n<h2 style=\"text-align: center;\">New Life<\/h2>\n<p><img loading=\"lazy\" decoding=\"async\" class=\"aligncenter size-full wp-image-1167\" src=\"https:\/\/gamlabastun.fi\/eng\/wp-content\/uploads\/sites\/3\/uusi-elama2.jpg\" alt=\"uusi el\u00e4m\u00e4\" width=\"1302\" height=\"359\" srcset=\"https:\/\/gamlabastun.fi\/eng\/wp-content\/uploads\/sites\/3\/uusi-elama2.jpg 1302w, https:\/\/gamlabastun.fi\/eng\/wp-content\/uploads\/sites\/3\/uusi-elama2-300x83.jpg 300w, https:\/\/gamlabastun.fi\/eng\/wp-content\/uploads\/sites\/3\/uusi-elama2-1024x282.jpg 1024w, https:\/\/gamlabastun.fi\/eng\/wp-content\/uploads\/sites\/3\/uusi-elama2-768x212.jpg 768w\" sizes=\"auto, (max-width: 1302px) 100vw, 1302px\" \/><\/p>\n<p>The stately building known as Eken\u00e4s Badinr\u00e4ttning, the Eken\u00e4s bathing facilities, was completed during the year 1903. In April 2020 the whole premises Gamla Bastun including several old buildings was sold in a public auction to entrepreneur and real estate developer Mr. Matti Laamanen.<\/p>\n<p>His whole real estate development project is nothing less than truly ambitious in many respects: among others, the idea is to contribute to the continued growth of Eken\u00e4s\/Tammisaari to become as attractive a destination as possible for visitors.<\/p>\n<p style=\"text-align: center;\"><a class=\"puh\" href=\"https:\/\/gamlabastun.fi\/eng\/new-life\/\"><strong><span style=\"color: #fff;\">Read more \u00bb<\/span><\/strong><\/a><\/p>\n<p>&nbsp;<\/p>\n<h2 style=\"text-align: center;\">Apartments<\/h2>\n<p><img loading=\"lazy\" decoding=\"async\" class=\"aligncenter size-full wp-image-1088\" src=\"https:\/\/gamlabastun.fi\/eng\/wp-content\/uploads\/sites\/3\/asuminenB2.jpg\" alt=\"\" width=\"1300\" height=\"555\" srcset=\"https:\/\/gamlabastun.fi\/eng\/wp-content\/uploads\/sites\/3\/asuminenB2.jpg 1300w, https:\/\/gamlabastun.fi\/eng\/wp-content\/uploads\/sites\/3\/asuminenB2-300x128.jpg 300w, https:\/\/gamlabastun.fi\/eng\/wp-content\/uploads\/sites\/3\/asuminenB2-1024x437.jpg 1024w, https:\/\/gamlabastun.fi\/eng\/wp-content\/uploads\/sites\/3\/asuminenB2-768x328.jpg 768w\" sizes=\"auto, (max-width: 1300px) 100vw, 1300px\" \/><\/p>\n<p style=\"text-align: left;\">The whole block constituting the Gamla Bastun forms a kind of gateway straight to the heart of the \u2019Gamla Stan\u2019 \u2013 as the old town in Eken\u00e4s is best known. Its location inbetween the Stall\u00f6rspark\u2019s greenery and the V\u00e4stvallen street, right at the seaside with a fantastic view towards the bay, is nothing less than one-of-a-kind.<\/p>\n<p style=\"text-align: left;\">Every apartment or condo belonging to the Gamla Bastun property offers its occupants truly unique qualities: unobstructed view to the sea, historic cultural enviroment, peace of mind, small town idyl, salty sea breeze, short walking distance to practically all destinations you can think of in the compact center of small town Eken\u00e4s\u2026<\/p>\n<p style=\"text-align: center;\"><a class=\"puh\" href=\"https:\/\/gamlabastun.fi\/eng\/apartments\/\"><strong><span style=\"color: #fff;\">Read more \u00bb<\/span><\/strong><\/a><\/p>\n<p>&nbsp;<\/p>\n<h2 style=\"text-align: center;\">Sauna &amp; Bathing<\/h2>\n<p><img loading=\"lazy\" decoding=\"async\" class=\"aligncenter size-full wp-image-946\" src=\"https:\/\/gamlabastun.fi\/eng\/wp-content\/uploads\/sites\/3\/sauna.jpg\" alt=\"sauna\" width=\"1300\" height=\"521\" srcset=\"https:\/\/gamlabastun.fi\/eng\/wp-content\/uploads\/sites\/3\/sauna.jpg 1300w, https:\/\/gamlabastun.fi\/eng\/wp-content\/uploads\/sites\/3\/sauna-300x120.jpg 300w, https:\/\/gamlabastun.fi\/eng\/wp-content\/uploads\/sites\/3\/sauna-1024x410.jpg 1024w, https:\/\/gamlabastun.fi\/eng\/wp-content\/uploads\/sites\/3\/sauna-768x308.jpg 768w\" sizes=\"auto, (max-width: 1300px) 100vw, 1300px\" \/><\/p>\n<p style=\"text-align: left;\">In the near future Tammisaari, our idyllic old town, is going to see something completely new and exciting as far as one for us Finns pretty familiar relaxing and rejuvenating activity is concerned: we are talking about sauna, the Finnish temple of well-being \u2013 something that is proven to be conducive to health both of your body and mind. A fine sauna and bathing facility will be opened within the property Gamla Bastun (GB2) rather soon.<\/p>\n<p style=\"text-align: center;\"><a class=\"puh\" href=\"https:\/\/gamlabastun.fi\/eng\/sauna-bathing\/\"><strong><span style=\"color: #fff;\">Read more \u00bb<\/span><\/strong><\/a><\/p>\n<p>&nbsp;<\/p>\n<h2 style=\"text-align: center;\">Caf\u00e9 &amp; Wine bar<\/h2>\n<p style=\"text-align: center;\"><img loading=\"lazy\" decoding=\"async\" class=\"aligncenter size-full wp-image-999\" src=\"https:\/\/gamlabastun.fi\/eng\/wp-content\/uploads\/sites\/3\/cafe-viinibaari1.jpg\" alt=\"cafe-viinibaari\" width=\"1500\" height=\"537\" srcset=\"https:\/\/gamlabastun.fi\/eng\/wp-content\/uploads\/sites\/3\/cafe-viinibaari1.jpg 1500w, https:\/\/gamlabastun.fi\/eng\/wp-content\/uploads\/sites\/3\/cafe-viinibaari1-300x107.jpg 300w, https:\/\/gamlabastun.fi\/eng\/wp-content\/uploads\/sites\/3\/cafe-viinibaari1-1024x367.jpg 1024w, https:\/\/gamlabastun.fi\/eng\/wp-content\/uploads\/sites\/3\/cafe-viinibaari1-768x275.jpg 768w\" sizes=\"auto, (max-width: 1500px) 100vw, 1500px\" \/><\/p>\n<p style=\"text-align: left;\">At the gateway to the Eken\u00e4s old town (so called \u2019gamla stan\u2019 in Swedish), along the V\u00e4stvallen street you can enjoy a wide maritime view extending over the serene bay. Right here you may have longed for just one more thing: a cozy caf\u00e9 with its own profile. You might have dreamt of a place to visit during your refreshing seaside stroll, a coffee house where you can smell the freshness of the just baked delicacies or a place where a friendly barista creates just your kind of espresso within minutes. We may also talk about a venue where a \u2019pit stop\u2019 from the next-door sauna sounds most inviting for any steam-treated bather in need of a cold pint or two\u2026<\/p>\n<p style=\"text-align: center;\"><a class=\"puh\" href=\"https:\/\/gamlabastun.fi\/eng\/cafe-wine-bar\/\"><strong><span style=\"color: #fff;\">Read more \u00bb<\/span><\/strong><\/a><\/p>\n<p>&nbsp;<\/p>\n<h2 style=\"text-align: center;\">The House of Antiques (Antikhuset)<\/h2>\n<p style=\"text-align: center;\"><img loading=\"lazy\" decoding=\"async\" class=\"aligncenter size-full wp-image-908\" src=\"https:\/\/gamlabastun.fi\/eng\/wp-content\/uploads\/sites\/3\/antiikki.jpg\" alt=\"antiikki\" width=\"1300\" height=\"424\" srcset=\"https:\/\/gamlabastun.fi\/eng\/wp-content\/uploads\/sites\/3\/antiikki.jpg 1300w, https:\/\/gamlabastun.fi\/eng\/wp-content\/uploads\/sites\/3\/antiikki-300x98.jpg 300w, https:\/\/gamlabastun.fi\/eng\/wp-content\/uploads\/sites\/3\/antiikki-1024x334.jpg 1024w, https:\/\/gamlabastun.fi\/eng\/wp-content\/uploads\/sites\/3\/antiikki-768x250.jpg 768w\" sizes=\"auto, (max-width: 1300px) 100vw, 1300px\" \/><\/p>\n<p style=\"text-align: left;\">It may be hard to imagine a more suitable location for a unique antique shop with its own profile than the street level space at the historic building Gamla Bastun originally built back in 1903. A well-stocked shop with the Swedish-language name \u2019Antikhus\u2019 is a paradise for any visitor wishing to make discoveries and good bargains.<\/p>\n<p style=\"text-align: center;\"><a class=\"puh\" href=\"https:\/\/gamlabastun.fi\/eng\/antiques\/\"><strong><span style=\"color: #fff;\">Read more \u00bb<\/span><\/strong><\/a><\/p>\n<p>&nbsp;<\/p>\n<h2 style=\"text-align: center;\">Reservations<\/h2>\n<p style=\"text-align: center;\">These pages are for the Gamla Bastun dwellers.<br \/>\nThe section is under construction.<\/p>\n<p style=\"text-align: center;\"><a class=\"puh\" href=\"https:\/\/gamlabastun.fi\/eng\/reservations\/\"><strong><span style=\"color: #fff;\">Read more \u00bb<\/span><\/strong><\/a><\/p>\n<p>&nbsp;<\/p>\n<h2 style=\"text-align: center;\">Contacts<\/h2>\n<div class='content-column one_half'><h3 class=\"widget-title\">Gamla Bastun<\/h3>\n<p><strong>Inquiries and other contacts:<\/strong><\/p>\n<p>Developer and constructor:<br \/>\nBostads Ab Eken\u00e4s Badinr\u00e4ttning i Raseborg<\/p>\n<p>Sales and marketing:<br \/>\nSb-Hem \/ Basti Karjalainen 0440 872 800<br \/>\nbasti.karjalainen@sbhem.fi<\/p>\n<p>Architect and main designer:<br \/>\nLasse Heikkinen 0500 532 255<br \/>\nlasse.heikkinen@dlc.fi<\/p>\n<p>Real estate developer:<br \/>\nMatti Laamanen 040 48 58 880<br \/>\nmatti.k.p.laamanen@gmail.com<\/p><\/div><div class='content-column one_half last_column'><iframe loading=\"lazy\" style=\"border: 0;\" src=\"https:\/\/www.google.com\/maps\/embed?pb=!1m18!1m12!1m3!1d1996.4490486813975!2d23.4286988162123!3d59.974462166170134!2m3!1f0!2f0!3f0!3m2!1i1024!2i768!4f13.1!3m3!1m2!1s0x468d07781d1913f9%3A0x45336228a5e8ac7a!2sL%C3%A4nsivalli%2011%2C%2010600%20Raasepori!5e0!3m2!1sfi!2sfi!4v1673948504112!5m2!1sfi!2sfi\" width=\"600\" height=\"450\" allowfullscreen=\"allowfullscreen\"><\/iframe><\/div><div class='clear_column'><\/div><\/p>\n","protected":false},"excerpt":{"rendered":"<p>Tammisaari (in Swedish: Eken\u00e4s) is a truly enticing small town where one can reach practically everything just by walking. Gamla Bastun (in English: the Old Sauna) is a gateway leading straight to the heart of the idyllic Eken\u00e4s Old Town. One of the gems of those many picturesque buildings with historic significance is situated at&#8230;<\/p>\n","protected":false},"author":1,"featured_media":0,"parent":0,"menu_order":0,"comment_status":"closed","ping_status":"open","template":"","meta":{"footnotes":""},"class_list":["post-2","page","type-page","status-publish","hentry"],"yoast_head":"<!-- This site is optimized with the Yoast SEO plugin v27.4 - https:\/\/yoast.com\/product\/yoast-seo-wordpress\/ -->\n<title>Gamla Bastun | Tammisaari | Eken\u00e4s<\/title>\n<meta name=\"robots\" content=\"index, follow, max-snippet:-1, max-image-preview:large, max-video-preview:-1\" \/>\n<link rel=\"canonical\" href=\"https:\/\/gamlabastun.fi\/eng\/\" \/>\n<meta property=\"og:locale\" content=\"fi_FI\" \/>\n<meta property=\"og:type\" content=\"article\" \/>\n<meta property=\"og:title\" content=\"Gamla Bastun | Tammisaari | Eken\u00e4s\" \/>\n<meta property=\"og:description\" content=\"Tammisaari (in Swedish: Eken\u00e4s) is a truly enticing small town where one can reach practically everything just by walking. Gamla Bastun (in English: the Old Sauna) is a gateway leading straight to the heart of the idyllic Eken\u00e4s Old Town. One of the gems of those many picturesque buildings with historic significance is situated at...\" \/>\n<meta property=\"og:url\" content=\"https:\/\/gamlabastun.fi\/eng\/\" \/>\n<meta property=\"og:site_name\" content=\"Gamla Bastun in English\" \/>\n<meta property=\"article:modified_time\" content=\"2023-04-27T10:16:17+00:00\" \/>\n<meta property=\"og:image\" content=\"https:\/\/gamlabastun.fi\/eng\/wp-content\/uploads\/sites\/3\/historia.jpg\" \/>\n<meta name=\"twitter:card\" content=\"summary_large_image\" \/>\n<meta name=\"twitter:label1\" content=\"Arvioitu lukuaika\" \/>\n\t<meta name=\"twitter:data1\" content=\"8 minuuttia\" \/>\n<script type=\"application\/ld+json\" class=\"yoast-schema-graph\">{\"@context\":\"https:\\\/\\\/schema.org\",\"@graph\":[{\"@type\":\"WebPage\",\"@id\":\"https:\\\/\\\/gamlabastun.fi\\\/eng\\\/\",\"url\":\"https:\\\/\\\/gamlabastun.fi\\\/eng\\\/\",\"name\":\"Gamla Bastun | Tammisaari | Eken\u00e4s\",\"isPartOf\":{\"@id\":\"https:\\\/\\\/gamlabastun.fi\\\/eng\\\/#website\"},\"primaryImageOfPage\":{\"@id\":\"https:\\\/\\\/gamlabastun.fi\\\/eng\\\/#primaryimage\"},\"image\":{\"@id\":\"https:\\\/\\\/gamlabastun.fi\\\/eng\\\/#primaryimage\"},\"thumbnailUrl\":\"https:\\\/\\\/gamlabastun.fi\\\/eng\\\/wp-content\\\/uploads\\\/sites\\\/3\\\/historia.jpg\",\"datePublished\":\"2021-05-05T05:29:56+00:00\",\"dateModified\":\"2023-04-27T10:16:17+00:00\",\"breadcrumb\":{\"@id\":\"https:\\\/\\\/gamlabastun.fi\\\/eng\\\/#breadcrumb\"},\"inLanguage\":\"fi\",\"potentialAction\":[{\"@type\":\"ReadAction\",\"target\":[\"https:\\\/\\\/gamlabastun.fi\\\/eng\\\/\"]}]},{\"@type\":\"ImageObject\",\"inLanguage\":\"fi\",\"@id\":\"https:\\\/\\\/gamlabastun.fi\\\/eng\\\/#primaryimage\",\"url\":\"https:\\\/\\\/gamlabastun.fi\\\/eng\\\/wp-content\\\/uploads\\\/sites\\\/3\\\/historia.jpg\",\"contentUrl\":\"https:\\\/\\\/gamlabastun.fi\\\/eng\\\/wp-content\\\/uploads\\\/sites\\\/3\\\/historia.jpg\",\"width\":211,\"height\":212,\"caption\":\"historia\"},{\"@type\":\"BreadcrumbList\",\"@id\":\"https:\\\/\\\/gamlabastun.fi\\\/eng\\\/#breadcrumb\",\"itemListElement\":[{\"@type\":\"ListItem\",\"position\":1,\"name\":\"Etusivu\",\"item\":\"https:\\\/\\\/gamlabastun.fi\\\/eng\\\/\"},{\"@type\":\"ListItem\",\"position\":2,\"name\":\"Cover\"}]},{\"@type\":\"WebSite\",\"@id\":\"https:\\\/\\\/gamlabastun.fi\\\/eng\\\/#website\",\"url\":\"https:\\\/\\\/gamlabastun.fi\\\/eng\\\/\",\"name\":\"Gamla Bastun in English\",\"description\":\"\",\"potentialAction\":[{\"@type\":\"SearchAction\",\"target\":{\"@type\":\"EntryPoint\",\"urlTemplate\":\"https:\\\/\\\/gamlabastun.fi\\\/eng\\\/?s={search_term_string}\"},\"query-input\":{\"@type\":\"PropertyValueSpecification\",\"valueRequired\":true,\"valueName\":\"search_term_string\"}}],\"inLanguage\":\"fi\"}]}<\/script>\n<!-- \/ Yoast SEO plugin. -->","yoast_head_json":{"title":"Gamla Bastun | Tammisaari | Eken\u00e4s","robots":{"index":"index","follow":"follow","max-snippet":"max-snippet:-1","max-image-preview":"max-image-preview:large","max-video-preview":"max-video-preview:-1"},"canonical":"https:\/\/gamlabastun.fi\/eng\/","og_locale":"fi_FI","og_type":"article","og_title":"Gamla Bastun | Tammisaari | Eken\u00e4s","og_description":"Tammisaari (in Swedish: Eken\u00e4s) is a truly enticing small town where one can reach practically everything just by walking. Gamla Bastun (in English: the Old Sauna) is a gateway leading straight to the heart of the idyllic Eken\u00e4s Old Town. One of the gems of those many picturesque buildings with historic significance is situated at...","og_url":"https:\/\/gamlabastun.fi\/eng\/","og_site_name":"Gamla Bastun in English","article_modified_time":"2023-04-27T10:16:17+00:00","og_image":[{"url":"https:\/\/gamlabastun.fi\/eng\/wp-content\/uploads\/sites\/3\/historia.jpg","type":"","width":"","height":""}],"twitter_card":"summary_large_image","twitter_misc":{"Arvioitu lukuaika":"8 minuuttia"},"schema":{"@context":"https:\/\/schema.org","@graph":[{"@type":"WebPage","@id":"https:\/\/gamlabastun.fi\/eng\/","url":"https:\/\/gamlabastun.fi\/eng\/","name":"Gamla Bastun | Tammisaari | Eken\u00e4s","isPartOf":{"@id":"https:\/\/gamlabastun.fi\/eng\/#website"},"primaryImageOfPage":{"@id":"https:\/\/gamlabastun.fi\/eng\/#primaryimage"},"image":{"@id":"https:\/\/gamlabastun.fi\/eng\/#primaryimage"},"thumbnailUrl":"https:\/\/gamlabastun.fi\/eng\/wp-content\/uploads\/sites\/3\/historia.jpg","datePublished":"2021-05-05T05:29:56+00:00","dateModified":"2023-04-27T10:16:17+00:00","breadcrumb":{"@id":"https:\/\/gamlabastun.fi\/eng\/#breadcrumb"},"inLanguage":"fi","potentialAction":[{"@type":"ReadAction","target":["https:\/\/gamlabastun.fi\/eng\/"]}]},{"@type":"ImageObject","inLanguage":"fi","@id":"https:\/\/gamlabastun.fi\/eng\/#primaryimage","url":"https:\/\/gamlabastun.fi\/eng\/wp-content\/uploads\/sites\/3\/historia.jpg","contentUrl":"https:\/\/gamlabastun.fi\/eng\/wp-content\/uploads\/sites\/3\/historia.jpg","width":211,"height":212,"caption":"historia"},{"@type":"BreadcrumbList","@id":"https:\/\/gamlabastun.fi\/eng\/#breadcrumb","itemListElement":[{"@type":"ListItem","position":1,"name":"Etusivu","item":"https:\/\/gamlabastun.fi\/eng\/"},{"@type":"ListItem","position":2,"name":"Cover"}]},{"@type":"WebSite","@id":"https:\/\/gamlabastun.fi\/eng\/#website","url":"https:\/\/gamlabastun.fi\/eng\/","name":"Gamla Bastun in English","description":"","potentialAction":[{"@type":"SearchAction","target":{"@type":"EntryPoint","urlTemplate":"https:\/\/gamlabastun.fi\/eng\/?s={search_term_string}"},"query-input":{"@type":"PropertyValueSpecification","valueRequired":true,"valueName":"search_term_string"}}],"inLanguage":"fi"}]}},"_links":{"self":[{"href":"https:\/\/gamlabastun.fi\/eng\/wp-json\/wp\/v2\/pages\/2","targetHints":{"allow":["GET"]}}],"collection":[{"href":"https:\/\/gamlabastun.fi\/eng\/wp-json\/wp\/v2\/pages"}],"about":[{"href":"https:\/\/gamlabastun.fi\/eng\/wp-json\/wp\/v2\/types\/page"}],"author":[{"embeddable":true,"href":"https:\/\/gamlabastun.fi\/eng\/wp-json\/wp\/v2\/users\/1"}],"replies":[{"embeddable":true,"href":"https:\/\/gamlabastun.fi\/eng\/wp-json\/wp\/v2\/comments?post=2"}],"version-history":[{"count":271,"href":"https:\/\/gamlabastun.fi\/eng\/wp-json\/wp\/v2\/pages\/2\/revisions"}],"predecessor-version":[{"id":1204,"href":"https:\/\/gamlabastun.fi\/eng\/wp-json\/wp\/v2\/pages\/2\/revisions\/1204"}],"wp:attachment":[{"href":"https:\/\/gamlabastun.fi\/eng\/wp-json\/wp\/v2\/media?parent=2"}],"curies":[{"name":"wp","href":"https:\/\/api.w.org\/{rel}","templated":true}]}}