{"id":638,"date":"2023-01-16T13:03:29","date_gmt":"2023-01-16T11:03:29","guid":{"rendered":"https:\/\/\/?page_id=638"},"modified":"2023-04-26T16:19:39","modified_gmt":"2023-04-26T13:19:39","slug":"history","status":"publish","type":"page","link":"https:\/\/gamlabastun.fi\/eng\/history\/","title":{"rendered":"History"},"content":{"rendered":"<p>\u00a0<\/p>\n<h1>Early history of the Eken\u00e4s bathing facilities (Eken\u00e4s badinr\u00e4ttning)<\/h1>\n<p style=\"text-align: center;\"><img loading=\"lazy\" decoding=\"async\" class=\"aligncenter size-full wp-image-950\" src=\"https:\/\/gamlabastun.fi\/eng\/wp-content\/uploads\/sites\/3\/historia-gamla-bastun.jpg\" alt=\"historia-gamla-bastun\" width=\"1500\" height=\"537\" srcset=\"https:\/\/gamlabastun.fi\/eng\/wp-content\/uploads\/sites\/3\/historia-gamla-bastun.jpg 1500w, https:\/\/gamlabastun.fi\/eng\/wp-content\/uploads\/sites\/3\/historia-gamla-bastun-300x107.jpg 300w, https:\/\/gamlabastun.fi\/eng\/wp-content\/uploads\/sites\/3\/historia-gamla-bastun-1024x367.jpg 1024w, https:\/\/gamlabastun.fi\/eng\/wp-content\/uploads\/sites\/3\/historia-gamla-bastun-768x275.jpg 768w\" sizes=\"auto, (max-width: 1500px) 100vw, 1500px\" \/><\/p>\n<p><img loading=\"lazy\" decoding=\"async\" class=\"alignright size-full wp-image-696\" src=\"https:\/\/gamlabastun.fi\/eng\/wp-content\/uploads\/sites\/3\/historia.jpg\" alt=\"historia\" width=\"211\" height=\"212\" srcset=\"https:\/\/gamlabastun.fi\/eng\/wp-content\/uploads\/sites\/3\/historia.jpg 211w, https:\/\/gamlabastun.fi\/eng\/wp-content\/uploads\/sites\/3\/historia-199x200.jpg 199w, https:\/\/gamlabastun.fi\/eng\/wp-content\/uploads\/sites\/3\/historia-150x150.jpg 150w, https:\/\/gamlabastun.fi\/eng\/wp-content\/uploads\/sites\/3\/historia-125x125.jpg 125w\" sizes=\"auto, (max-width: 211px) 100vw, 211px\" \/><\/p>\n<p>In January 1902 Mr. <em>Lindman<\/em> decides to call up a meeting in order to see if founding a new bathing facility in the town would be feasible. Eventually, this leads to establishing a public company named <em>Aktiebolaget Eken\u00e4s Badinr\u00e4ttning;<\/em> apart from Mr. Lindman three other gentlemen are to constitute the board: consul <em>H\u00f6ijer<\/em>, master builder <em>Fransson<\/em> and bailiff <em>Ljungberg<\/em>.<\/p>\n<p>The ambitious building under construction requires poling for its foundation due to its very close proximity to the seashore; however in July 1903 a new building is erected at the address V\u00e4stra Strandgatan. This exceptionally attractive building designed by <em>Theodor H\u00f6ijer<\/em> is still in our time standing where it has always been \u2013 and we may say that, in the 2020s, the Gamla Bastun is in better shape than ever.<\/p>\n<p>The delicate line of H\u00f6ijer\u2019s pen and his most unique design style can be seen in many buildings of architectural significance to be found in the capital Helsinki, such as the public library at Rickhardinkatu (built in 1882), the art museum Ateneum (1887), one of the three museums forming the Finnish National Gallery, as well as the renowned Hotel K\u00e4mp (1887).<\/p>\n<p>During the operational year 1904 the treatments at Eken\u00e4s bathing facilities include steam bath cabins, showers, bathtubs, mud baths, pine needle baths and so called Neuheimer baths, among others. Bathing rooms for the town\u2019s working class are open on Saturdays exclusively.<\/p>\n<p>The earliest days of the bathing facility do not pass without mishaps or bad luck; back in 1908 the company is forced to declare bankruptcy and is thereafter sold in auction to consul H\u00f6ijer. An unusually violent autumn storm in September 1913 causes flooding that leads to serious damages affecting half of the property\u2019s area.<\/p>\n<p>During the summer of 1917 the bathing facility\u2019s list of treatments grows to include such exotic and bygone variants as carbonation and turpentine baths (?!). During the month of July the facility orders three thousand fresh birch whisks to meet the sauna bathing requirements of its clients. In the spring of 1922 the township of Eken\u00e4s decides to buy the facility from Mr. H\u00f6ijer. After the deal the building goes through a total renovation. The pupils at the town\u2019s elementary school are given the opportunity to have sauna at the facility once a month as well before Christmas.<\/p>\n<p>In 1926 the building is again thoroughly refurbished, which leads, among other things, to removing the gentlemen\u2019s department to the second floor. The brand new treatments embrace now electric baths, UV light treatments along with electric skin treatments (known as diathermy or deep heating). Two years later the facility finally acquires a genuine Finnish sauna. In 1932 the facility offers its clients the services of its own physician by the name <em>Einar Runeberg<\/em>.<\/p>\n<p>In mid-January 1940, during the so called Winter War, an bombing raid by the Soviet air force causes damages to the brick building. However, the reconstructions are swiftly completed already in early April. Therefore, on May 9th, the bathing facility is reopened without further delay. Due to the ongoing rationing the visiting guests are requested to take with them their own soap.<\/p>\n<p>In 1949 the bathing days for the ladies are on Tuesdays and Wednesdays, while the corresponding times for the gentlemen are Thursdays and Fridays. Eken\u00e4s Badinr\u00e4ttning, serving as the township\u2019s public bathing facility, is operational until the late 1960s.<\/p>\n<p>In the 1970s the Swedish-language school theater known as the Skolteatern (today referred to as the Unga Teatern) runs its operations in the building. In 1984 a local youth organisation called V\u00e4stnyl\u00e4ndska ungdomscirkeln (VNUR) moves to the historic house, still strikingly beautiful, yet quite worn-off due to many year\u2019s usage.<\/p>\n<p>In 1995 the building is owned by the above mentioned organisation, while the underlying lot is rented from the township of Raseborg. The house that everyone knowns by the name Gamla Bastun serves as the base for an array of organisations, handicraft workers and people in the field of culture. Its rooms are occupied by the genealogical researchers of Raseborg, the local sea scout corps (Havs\u00f6rnarna = the Sea Eagles), the Eken\u00e4s yacht club (ESS) as well as handicraft artist Anna Wasko.<\/p>\n<p>In the spring of 2009 the facility Gamla Bastun is seriously damaged by a fire, yet the building\u2019s brick walls remain intact. A complete renovation follows during which it is possible to reclaim all of the wooden roof beams, yet the majority of the structure on the third floor have to be rebuilt; this includes the tin roof, windows, doors, toilets, floors, insulation as well as the electric wiring.<\/p>\n<p>Click the small images to see them in larger format:<\/p>\n<p><a href=\"https:\/\/gamlabastun.fi\/eng\/wp-content\/uploads\/sites\/3\/historia1.jpg\" data-rel=\"lightbox-gallery-ruq7wCZB\" data-rl_title=\"\" data-rl_caption=\"\" title=\"\"><img loading=\"lazy\" decoding=\"async\" class=\"alignnone size-thumbnail wp-image-952\" src=\"https:\/\/gamlabastun.fi\/eng\/wp-content\/uploads\/sites\/3\/historia1-150x150.jpg\" alt=\"\" width=\"150\" height=\"150\" srcset=\"https:\/\/gamlabastun.fi\/eng\/wp-content\/uploads\/sites\/3\/historia1-150x150.jpg 150w, https:\/\/gamlabastun.fi\/eng\/wp-content\/uploads\/sites\/3\/historia1-125x125.jpg 125w\" sizes=\"auto, (max-width: 150px) 100vw, 150px\" \/> <\/a><a href=\"https:\/\/gamlabastun.fi\/eng\/wp-content\/uploads\/sites\/3\/historia2.jpg\" data-rel=\"lightbox-gallery-ruq7wCZB\" data-rl_title=\"\" data-rl_caption=\"\" title=\"\"><img loading=\"lazy\" decoding=\"async\" class=\"alignnone size-thumbnail wp-image-953\" src=\"https:\/\/gamlabastun.fi\/eng\/wp-content\/uploads\/sites\/3\/historia2-150x150.jpg\" alt=\"historia2\" width=\"150\" height=\"150\" srcset=\"https:\/\/gamlabastun.fi\/eng\/wp-content\/uploads\/sites\/3\/historia2-150x150.jpg 150w, https:\/\/gamlabastun.fi\/eng\/wp-content\/uploads\/sites\/3\/historia2-125x125.jpg 125w\" sizes=\"auto, (max-width: 150px) 100vw, 150px\" \/><\/a><a href=\"https:\/\/gamlabastun.fi\/eng\/wp-content\/uploads\/sites\/3\/historia3.jpg\" data-rel=\"lightbox-gallery-ruq7wCZB\" data-rl_title=\"\" data-rl_caption=\"\" title=\"\"><img loading=\"lazy\" decoding=\"async\" class=\"alignnone size-thumbnail wp-image-954\" src=\"https:\/\/gamlabastun.fi\/eng\/wp-content\/uploads\/sites\/3\/historia3-150x150.jpg\" alt=\"historia3\" width=\"150\" height=\"150\" srcset=\"https:\/\/gamlabastun.fi\/eng\/wp-content\/uploads\/sites\/3\/historia3-150x150.jpg 150w, https:\/\/gamlabastun.fi\/eng\/wp-content\/uploads\/sites\/3\/historia3-125x125.jpg 125w\" sizes=\"auto, (max-width: 150px) 100vw, 150px\" \/> <\/a><a href=\"https:\/\/gamlabastun.fi\/eng\/wp-content\/uploads\/sites\/3\/historia4.jpg\" data-rel=\"lightbox-gallery-ruq7wCZB\" data-rl_title=\"\" data-rl_caption=\"\" title=\"\"><img loading=\"lazy\" decoding=\"async\" class=\"alignnone size-thumbnail wp-image-956\" src=\"https:\/\/gamlabastun.fi\/eng\/wp-content\/uploads\/sites\/3\/historia4-150x150.jpg\" alt=\"historia4\" width=\"150\" height=\"150\" srcset=\"https:\/\/gamlabastun.fi\/eng\/wp-content\/uploads\/sites\/3\/historia4-150x150.jpg 150w, https:\/\/gamlabastun.fi\/eng\/wp-content\/uploads\/sites\/3\/historia4-125x125.jpg 125w\" sizes=\"auto, (max-width: 150px) 100vw, 150px\" \/><\/a><a href=\"https:\/\/gamlabastun.fi\/eng\/wp-content\/uploads\/sites\/3\/historia5.jpg\" data-rel=\"lightbox-gallery-ruq7wCZB\" data-rl_title=\"\" data-rl_caption=\"\" title=\"\"> <img loading=\"lazy\" decoding=\"async\" class=\"alignnone size-thumbnail wp-image-957\" src=\"https:\/\/gamlabastun.fi\/eng\/wp-content\/uploads\/sites\/3\/historia5-150x150.jpg\" alt=\"historia5\" width=\"150\" height=\"150\" srcset=\"https:\/\/gamlabastun.fi\/eng\/wp-content\/uploads\/sites\/3\/historia5-150x150.jpg 150w, https:\/\/gamlabastun.fi\/eng\/wp-content\/uploads\/sites\/3\/historia5-125x125.jpg 125w\" sizes=\"auto, (max-width: 150px) 100vw, 150px\" \/><\/a><a href=\"https:\/\/gamlabastun.fi\/eng\/wp-content\/uploads\/sites\/3\/historia6.jpg\" data-rel=\"lightbox-gallery-ruq7wCZB\" data-rl_title=\"\" data-rl_caption=\"\" title=\"\"> <img loading=\"lazy\" decoding=\"async\" class=\"alignnone size-thumbnail wp-image-958\" src=\"https:\/\/gamlabastun.fi\/eng\/wp-content\/uploads\/sites\/3\/historia6-150x150.jpg\" alt=\"historia6\" width=\"150\" height=\"150\" srcset=\"https:\/\/gamlabastun.fi\/eng\/wp-content\/uploads\/sites\/3\/historia6-150x150.jpg 150w, https:\/\/gamlabastun.fi\/eng\/wp-content\/uploads\/sites\/3\/historia6-125x125.jpg 125w\" sizes=\"auto, (max-width: 150px) 100vw, 150px\" \/><\/a><\/p>\n","protected":false},"excerpt":{"rendered":"<p>\u00a0 Early history of the Eken\u00e4s bathing facilities (Eken\u00e4s badinr\u00e4ttning) In January 1902 Mr. Lindman decides to call up a meeting in order to see if founding a new bathing facility in the town would be feasible. Eventually, this leads to establishing a public company named Aktiebolaget Eken\u00e4s Badinr\u00e4ttning; apart from Mr. Lindman three other&#8230;<\/p>\n","protected":false},"author":1,"featured_media":0,"parent":0,"menu_order":0,"comment_status":"closed","ping_status":"closed","template":"","meta":{"footnotes":""},"class_list":["post-638","page","type-page","status-publish","hentry"],"yoast_head":"<!-- This site is optimized with the Yoast SEO plugin v27.5 - https:\/\/yoast.com\/product\/yoast-seo-wordpress\/ -->\n<title>History - Gamla Bastun in English<\/title>\n<meta name=\"robots\" content=\"index, follow, max-snippet:-1, max-image-preview:large, max-video-preview:-1\" \/>\n<link rel=\"canonical\" href=\"https:\/\/gamlabastun.fi\/eng\/history\/\" \/>\n<meta property=\"og:locale\" content=\"fi_FI\" \/>\n<meta property=\"og:type\" content=\"article\" \/>\n<meta property=\"og:title\" content=\"History - Gamla Bastun in English\" \/>\n<meta property=\"og:description\" content=\"\u00a0 Early history of the Eken\u00e4s bathing facilities (Eken\u00e4s badinr\u00e4ttning) In January 1902 Mr. Lindman decides to call up a meeting in order to see if founding a new bathing facility in the town would be feasible. Eventually, this leads to establishing a public company named Aktiebolaget Eken\u00e4s Badinr\u00e4ttning; apart from Mr. Lindman three other...\" \/>\n<meta property=\"og:url\" content=\"https:\/\/gamlabastun.fi\/eng\/history\/\" \/>\n<meta property=\"og:site_name\" content=\"Gamla Bastun in English\" \/>\n<meta property=\"article:modified_time\" content=\"2023-04-26T13:19:39+00:00\" \/>\n<meta property=\"og:image\" content=\"https:\/\/gamlabastun.fi\/eng\/wp-content\/uploads\/sites\/3\/historia-gamla-bastun.jpg\" \/>\n<meta name=\"twitter:card\" content=\"summary_large_image\" \/>\n<meta name=\"twitter:label1\" content=\"Arvioitu lukuaika\" \/>\n\t<meta name=\"twitter:data1\" content=\"7 minuuttia\" \/>\n<script type=\"application\/ld+json\" class=\"yoast-schema-graph\">{\"@context\":\"https:\\\/\\\/schema.org\",\"@graph\":[{\"@type\":\"WebPage\",\"@id\":\"https:\\\/\\\/gamlabastun.fi\\\/eng\\\/history\\\/\",\"url\":\"https:\\\/\\\/gamlabastun.fi\\\/eng\\\/history\\\/\",\"name\":\"History - Gamla Bastun in English\",\"isPartOf\":{\"@id\":\"https:\\\/\\\/gamlabastun.fi\\\/eng\\\/#website\"},\"primaryImageOfPage\":{\"@id\":\"https:\\\/\\\/gamlabastun.fi\\\/eng\\\/history\\\/#primaryimage\"},\"image\":{\"@id\":\"https:\\\/\\\/gamlabastun.fi\\\/eng\\\/history\\\/#primaryimage\"},\"thumbnailUrl\":\"https:\\\/\\\/gamlabastun.fi\\\/eng\\\/wp-content\\\/uploads\\\/sites\\\/3\\\/historia-gamla-bastun.jpg\",\"datePublished\":\"2023-01-16T11:03:29+00:00\",\"dateModified\":\"2023-04-26T13:19:39+00:00\",\"breadcrumb\":{\"@id\":\"https:\\\/\\\/gamlabastun.fi\\\/eng\\\/history\\\/#breadcrumb\"},\"inLanguage\":\"fi\",\"potentialAction\":[{\"@type\":\"ReadAction\",\"target\":[\"https:\\\/\\\/gamlabastun.fi\\\/eng\\\/history\\\/\"]}]},{\"@type\":\"ImageObject\",\"inLanguage\":\"fi\",\"@id\":\"https:\\\/\\\/gamlabastun.fi\\\/eng\\\/history\\\/#primaryimage\",\"url\":\"https:\\\/\\\/gamlabastun.fi\\\/eng\\\/wp-content\\\/uploads\\\/sites\\\/3\\\/historia-gamla-bastun.jpg\",\"contentUrl\":\"https:\\\/\\\/gamlabastun.fi\\\/eng\\\/wp-content\\\/uploads\\\/sites\\\/3\\\/historia-gamla-bastun.jpg\",\"width\":1500,\"height\":537,\"caption\":\"historia-gamla-bastun\"},{\"@type\":\"BreadcrumbList\",\"@id\":\"https:\\\/\\\/gamlabastun.fi\\\/eng\\\/history\\\/#breadcrumb\",\"itemListElement\":[{\"@type\":\"ListItem\",\"position\":1,\"name\":\"Etusivu\",\"item\":\"https:\\\/\\\/gamlabastun.fi\\\/eng\\\/\"},{\"@type\":\"ListItem\",\"position\":2,\"name\":\"History\"}]},{\"@type\":\"WebSite\",\"@id\":\"https:\\\/\\\/gamlabastun.fi\\\/eng\\\/#website\",\"url\":\"https:\\\/\\\/gamlabastun.fi\\\/eng\\\/\",\"name\":\"Gamla Bastun in English\",\"description\":\"\",\"potentialAction\":[{\"@type\":\"SearchAction\",\"target\":{\"@type\":\"EntryPoint\",\"urlTemplate\":\"https:\\\/\\\/gamlabastun.fi\\\/eng\\\/?s={search_term_string}\"},\"query-input\":{\"@type\":\"PropertyValueSpecification\",\"valueRequired\":true,\"valueName\":\"search_term_string\"}}],\"inLanguage\":\"fi\"}]}<\/script>\n<!-- \/ Yoast SEO plugin. -->","yoast_head_json":{"title":"History - Gamla Bastun in English","robots":{"index":"index","follow":"follow","max-snippet":"max-snippet:-1","max-image-preview":"max-image-preview:large","max-video-preview":"max-video-preview:-1"},"canonical":"https:\/\/gamlabastun.fi\/eng\/history\/","og_locale":"fi_FI","og_type":"article","og_title":"History - Gamla Bastun in English","og_description":"\u00a0 Early history of the Eken\u00e4s bathing facilities (Eken\u00e4s badinr\u00e4ttning) In January 1902 Mr. Lindman decides to call up a meeting in order to see if founding a new bathing facility in the town would be feasible. Eventually, this leads to establishing a public company named Aktiebolaget Eken\u00e4s Badinr\u00e4ttning; apart from Mr. Lindman three other...","og_url":"https:\/\/gamlabastun.fi\/eng\/history\/","og_site_name":"Gamla Bastun in English","article_modified_time":"2023-04-26T13:19:39+00:00","og_image":[{"url":"https:\/\/gamlabastun.fi\/eng\/wp-content\/uploads\/sites\/3\/historia-gamla-bastun.jpg","type":"","width":"","height":""}],"twitter_card":"summary_large_image","twitter_misc":{"Arvioitu lukuaika":"7 minuuttia"},"schema":{"@context":"https:\/\/schema.org","@graph":[{"@type":"WebPage","@id":"https:\/\/gamlabastun.fi\/eng\/history\/","url":"https:\/\/gamlabastun.fi\/eng\/history\/","name":"History - Gamla Bastun in English","isPartOf":{"@id":"https:\/\/gamlabastun.fi\/eng\/#website"},"primaryImageOfPage":{"@id":"https:\/\/gamlabastun.fi\/eng\/history\/#primaryimage"},"image":{"@id":"https:\/\/gamlabastun.fi\/eng\/history\/#primaryimage"},"thumbnailUrl":"https:\/\/gamlabastun.fi\/eng\/wp-content\/uploads\/sites\/3\/historia-gamla-bastun.jpg","datePublished":"2023-01-16T11:03:29+00:00","dateModified":"2023-04-26T13:19:39+00:00","breadcrumb":{"@id":"https:\/\/gamlabastun.fi\/eng\/history\/#breadcrumb"},"inLanguage":"fi","potentialAction":[{"@type":"ReadAction","target":["https:\/\/gamlabastun.fi\/eng\/history\/"]}]},{"@type":"ImageObject","inLanguage":"fi","@id":"https:\/\/gamlabastun.fi\/eng\/history\/#primaryimage","url":"https:\/\/gamlabastun.fi\/eng\/wp-content\/uploads\/sites\/3\/historia-gamla-bastun.jpg","contentUrl":"https:\/\/gamlabastun.fi\/eng\/wp-content\/uploads\/sites\/3\/historia-gamla-bastun.jpg","width":1500,"height":537,"caption":"historia-gamla-bastun"},{"@type":"BreadcrumbList","@id":"https:\/\/gamlabastun.fi\/eng\/history\/#breadcrumb","itemListElement":[{"@type":"ListItem","position":1,"name":"Etusivu","item":"https:\/\/gamlabastun.fi\/eng\/"},{"@type":"ListItem","position":2,"name":"History"}]},{"@type":"WebSite","@id":"https:\/\/gamlabastun.fi\/eng\/#website","url":"https:\/\/gamlabastun.fi\/eng\/","name":"Gamla Bastun in English","description":"","potentialAction":[{"@type":"SearchAction","target":{"@type":"EntryPoint","urlTemplate":"https:\/\/gamlabastun.fi\/eng\/?s={search_term_string}"},"query-input":{"@type":"PropertyValueSpecification","valueRequired":true,"valueName":"search_term_string"}}],"inLanguage":"fi"}]}},"_links":{"self":[{"href":"https:\/\/gamlabastun.fi\/eng\/wp-json\/wp\/v2\/pages\/638","targetHints":{"allow":["GET"]}}],"collection":[{"href":"https:\/\/gamlabastun.fi\/eng\/wp-json\/wp\/v2\/pages"}],"about":[{"href":"https:\/\/gamlabastun.fi\/eng\/wp-json\/wp\/v2\/types\/page"}],"author":[{"embeddable":true,"href":"https:\/\/gamlabastun.fi\/eng\/wp-json\/wp\/v2\/users\/1"}],"replies":[{"embeddable":true,"href":"https:\/\/gamlabastun.fi\/eng\/wp-json\/wp\/v2\/comments?post=638"}],"version-history":[{"count":27,"href":"https:\/\/gamlabastun.fi\/eng\/wp-json\/wp\/v2\/pages\/638\/revisions"}],"predecessor-version":[{"id":1191,"href":"https:\/\/gamlabastun.fi\/eng\/wp-json\/wp\/v2\/pages\/638\/revisions\/1191"}],"wp:attachment":[{"href":"https:\/\/gamlabastun.fi\/eng\/wp-json\/wp\/v2\/media?parent=638"}],"curies":[{"name":"wp","href":"https:\/\/api.w.org\/{rel}","templated":true}]}}