{"id":657,"date":"2023-01-16T13:54:00","date_gmt":"2023-01-16T11:54:00","guid":{"rendered":"https:\/\/\/?page_id=657"},"modified":"2023-04-24T08:20:09","modified_gmt":"2023-04-24T05:20:09","slug":"new-life","status":"publish","type":"page","link":"https:\/\/gamlabastun.fi\/eng\/new-life\/","title":{"rendered":"New Life"},"content":{"rendered":"<p>\u00a0<\/p>\n<h1 style=\"text-align: center;\">New Life \u2013 a highly ambitious project with a sense for traditions<\/h1>\n<p><img loading=\"lazy\" decoding=\"async\" class=\"aligncenter size-full wp-image-944\" src=\"https:\/\/gamlabastun.fi\/eng\/wp-content\/uploads\/sites\/3\/uusi-elama-gamla-bastun.jpg\" alt=\"uusi-el\u00e4m\u00e4-gamla-bastun\" width=\"1300\" height=\"739\" srcset=\"https:\/\/gamlabastun.fi\/eng\/wp-content\/uploads\/sites\/3\/uusi-elama-gamla-bastun.jpg 1300w, https:\/\/gamlabastun.fi\/eng\/wp-content\/uploads\/sites\/3\/uusi-elama-gamla-bastun-300x171.jpg 300w, https:\/\/gamlabastun.fi\/eng\/wp-content\/uploads\/sites\/3\/uusi-elama-gamla-bastun-1024x582.jpg 1024w, https:\/\/gamlabastun.fi\/eng\/wp-content\/uploads\/sites\/3\/uusi-elama-gamla-bastun-768x437.jpg 768w\" sizes=\"auto, (max-width: 1300px) 100vw, 1300px\" \/><\/p>\n<p>The stately building known as Eken\u00e4s Badinr\u00e4ttning, the Eken\u00e4s bathing facilities, was completed during the year 1903. In April 2020 the whole premises Gamla Bastun including several old buildings was sold in a public auction to entrepreneur and real estate developer Mr. <em>Matti Laamanen<\/em>.<\/p>\n<p>His whole real estate development project is nothing less than truly ambitious in many respects: among others, the idea is to contribute to the continued growth of Eken\u00e4s\/Tammisaari to become as attractive a destination as possible for visitors.<\/p>\n<p><img loading=\"lazy\" decoding=\"async\" class=\"aligncenter size-full wp-image-848\" src=\"https:\/\/gamlabastun.fi\/eng\/wp-content\/uploads\/sites\/3\/asemakaava.jpg\" alt=\"asemakaava\" width=\"935\" height=\"675\" srcset=\"https:\/\/gamlabastun.fi\/eng\/wp-content\/uploads\/sites\/3\/asemakaava.jpg 935w, https:\/\/gamlabastun.fi\/eng\/wp-content\/uploads\/sites\/3\/asemakaava-277x200.jpg 277w, https:\/\/gamlabastun.fi\/eng\/wp-content\/uploads\/sites\/3\/asemakaava-768x554.jpg 768w\" sizes=\"auto, (max-width: 935px) 100vw, 935px\" \/><\/p>\n<p>The total property consists of, apart from the lot and the red brick main building (GB1), a newer sauna building (GB2) stemming from 1969 (known also as the Nya Bastun) along with a wooden residential building built in the 1920s (GB3), a house that is situated along the Sj\u00f6formansgatan street.<\/p>\n<p>The renovation of the whole property will be completed thoroughly, without rushing and constantly bearing in mind the respect for the proud history of the setting. The work started on the GB3, in which building two apartments will be completed during the summer of 2023. The whole property will include a total of eight apartments among which there are flats for both tenants and for owners.<\/p>\n<p><img loading=\"lazy\" decoding=\"async\" class=\"aligncenter size-full wp-image-849\" src=\"https:\/\/gamlabastun.fi\/eng\/wp-content\/uploads\/sites\/3\/julkisivu.jpg\" alt=\"julkisivu\" width=\"1196\" height=\"484\" srcset=\"https:\/\/gamlabastun.fi\/eng\/wp-content\/uploads\/sites\/3\/julkisivu.jpg 1196w, https:\/\/gamlabastun.fi\/eng\/wp-content\/uploads\/sites\/3\/julkisivu-300x121.jpg 300w, https:\/\/gamlabastun.fi\/eng\/wp-content\/uploads\/sites\/3\/julkisivu-1024x414.jpg 1024w, https:\/\/gamlabastun.fi\/eng\/wp-content\/uploads\/sites\/3\/julkisivu-768x311.jpg 768w\" sizes=\"auto, (max-width: 1196px) 100vw, 1196px\" \/><\/p>\n<p>On the side of the Nya Bastun the plan is to offer all of the dwellers at the Gamla Bastun their own sauna department, while another sauna complex is to be rented featuring its own Bath Relax room. To the business spaces on the street level a caf\u00e9, a wine bar as well as an antiques shop have been planned.<\/p>\n<p>On the seaside along with the V\u00e4stvallen street the plan is to construct a conservatory-kind of terrace space according to the British style.<\/p>\n<p>On its street level the Gamla Bastun building is ideally suited for housing an antique shop \u2013 an idea that has already been thoroughly discussed and negotiated with an established entrepreneur in the field.<\/p>\n<p><img loading=\"lazy\" decoding=\"async\" class=\"aligncenter size-full wp-image-850\" src=\"https:\/\/gamlabastun.fi\/eng\/wp-content\/uploads\/sites\/3\/pohjapiirros.jpg\" alt=\"pohjapiirros\" width=\"962\" height=\"724\" srcset=\"https:\/\/gamlabastun.fi\/eng\/wp-content\/uploads\/sites\/3\/pohjapiirros.jpg 962w, https:\/\/gamlabastun.fi\/eng\/wp-content\/uploads\/sites\/3\/pohjapiirros-266x200.jpg 266w, https:\/\/gamlabastun.fi\/eng\/wp-content\/uploads\/sites\/3\/pohjapiirros-768x578.jpg 768w\" sizes=\"auto, (max-width: 962px) 100vw, 962px\" \/><\/p>\n","protected":false},"excerpt":{"rendered":"<p>\u00a0 New Life \u2013 a highly ambitious project with a sense for traditions The stately building known as Eken\u00e4s Badinr\u00e4ttning, the Eken\u00e4s bathing facilities, was completed during the year 1903. In April 2020 the whole premises Gamla Bastun including several old buildings was sold in a public auction to entrepreneur and real estate developer Mr&#8230;.<\/p>\n","protected":false},"author":1,"featured_media":0,"parent":0,"menu_order":0,"comment_status":"closed","ping_status":"closed","template":"","meta":{"footnotes":""},"class_list":["post-657","page","type-page","status-publish","hentry"],"yoast_head":"<!-- This site is optimized with the Yoast SEO plugin v27.5 - https:\/\/yoast.com\/product\/yoast-seo-wordpress\/ -->\n<title>New Life - Gamla Bastun in English<\/title>\n<meta name=\"robots\" content=\"index, follow, max-snippet:-1, max-image-preview:large, max-video-preview:-1\" \/>\n<link rel=\"canonical\" href=\"https:\/\/gamlabastun.fi\/eng\/new-life\/\" \/>\n<meta property=\"og:locale\" content=\"fi_FI\" \/>\n<meta property=\"og:type\" content=\"article\" \/>\n<meta property=\"og:title\" content=\"New Life - Gamla Bastun in English\" \/>\n<meta property=\"og:description\" content=\"\u00a0 New Life \u2013 a highly ambitious project with a sense for traditions The stately building known as Eken\u00e4s Badinr\u00e4ttning, the Eken\u00e4s bathing facilities, was completed during the year 1903. In April 2020 the whole premises Gamla Bastun including several old buildings was sold in a public auction to entrepreneur and real estate developer Mr....\" \/>\n<meta property=\"og:url\" content=\"https:\/\/gamlabastun.fi\/eng\/new-life\/\" \/>\n<meta property=\"og:site_name\" content=\"Gamla Bastun in English\" \/>\n<meta property=\"article:modified_time\" content=\"2023-04-24T05:20:09+00:00\" \/>\n<meta property=\"og:image\" content=\"https:\/\/gamlabastun.fi\/eng\/wp-content\/uploads\/sites\/3\/uusi-elama-gamla-bastun.jpg\" \/>\n<meta name=\"twitter:card\" content=\"summary_large_image\" \/>\n<meta name=\"twitter:label1\" content=\"Arvioitu lukuaika\" \/>\n\t<meta name=\"twitter:data1\" content=\"3 minuuttia\" \/>\n<script type=\"application\/ld+json\" class=\"yoast-schema-graph\">{\"@context\":\"https:\\\/\\\/schema.org\",\"@graph\":[{\"@type\":\"WebPage\",\"@id\":\"https:\\\/\\\/gamlabastun.fi\\\/eng\\\/new-life\\\/\",\"url\":\"https:\\\/\\\/gamlabastun.fi\\\/eng\\\/new-life\\\/\",\"name\":\"New Life - Gamla Bastun in English\",\"isPartOf\":{\"@id\":\"https:\\\/\\\/gamlabastun.fi\\\/eng\\\/#website\"},\"primaryImageOfPage\":{\"@id\":\"https:\\\/\\\/gamlabastun.fi\\\/eng\\\/new-life\\\/#primaryimage\"},\"image\":{\"@id\":\"https:\\\/\\\/gamlabastun.fi\\\/eng\\\/new-life\\\/#primaryimage\"},\"thumbnailUrl\":\"https:\\\/\\\/gamlabastun.fi\\\/eng\\\/wp-content\\\/uploads\\\/sites\\\/3\\\/uusi-elama-gamla-bastun.jpg\",\"datePublished\":\"2023-01-16T11:54:00+00:00\",\"dateModified\":\"2023-04-24T05:20:09+00:00\",\"breadcrumb\":{\"@id\":\"https:\\\/\\\/gamlabastun.fi\\\/eng\\\/new-life\\\/#breadcrumb\"},\"inLanguage\":\"fi\",\"potentialAction\":[{\"@type\":\"ReadAction\",\"target\":[\"https:\\\/\\\/gamlabastun.fi\\\/eng\\\/new-life\\\/\"]}]},{\"@type\":\"ImageObject\",\"inLanguage\":\"fi\",\"@id\":\"https:\\\/\\\/gamlabastun.fi\\\/eng\\\/new-life\\\/#primaryimage\",\"url\":\"https:\\\/\\\/gamlabastun.fi\\\/eng\\\/wp-content\\\/uploads\\\/sites\\\/3\\\/uusi-elama-gamla-bastun.jpg\",\"contentUrl\":\"https:\\\/\\\/gamlabastun.fi\\\/eng\\\/wp-content\\\/uploads\\\/sites\\\/3\\\/uusi-elama-gamla-bastun.jpg\",\"width\":1300,\"height\":739,\"caption\":\"uusi-el\u00e4m\u00e4-gamla-bastun\"},{\"@type\":\"BreadcrumbList\",\"@id\":\"https:\\\/\\\/gamlabastun.fi\\\/eng\\\/new-life\\\/#breadcrumb\",\"itemListElement\":[{\"@type\":\"ListItem\",\"position\":1,\"name\":\"Etusivu\",\"item\":\"https:\\\/\\\/gamlabastun.fi\\\/eng\\\/\"},{\"@type\":\"ListItem\",\"position\":2,\"name\":\"New Life\"}]},{\"@type\":\"WebSite\",\"@id\":\"https:\\\/\\\/gamlabastun.fi\\\/eng\\\/#website\",\"url\":\"https:\\\/\\\/gamlabastun.fi\\\/eng\\\/\",\"name\":\"Gamla Bastun in English\",\"description\":\"\",\"potentialAction\":[{\"@type\":\"SearchAction\",\"target\":{\"@type\":\"EntryPoint\",\"urlTemplate\":\"https:\\\/\\\/gamlabastun.fi\\\/eng\\\/?s={search_term_string}\"},\"query-input\":{\"@type\":\"PropertyValueSpecification\",\"valueRequired\":true,\"valueName\":\"search_term_string\"}}],\"inLanguage\":\"fi\"}]}<\/script>\n<!-- \/ Yoast SEO plugin. -->","yoast_head_json":{"title":"New Life - Gamla Bastun in English","robots":{"index":"index","follow":"follow","max-snippet":"max-snippet:-1","max-image-preview":"max-image-preview:large","max-video-preview":"max-video-preview:-1"},"canonical":"https:\/\/gamlabastun.fi\/eng\/new-life\/","og_locale":"fi_FI","og_type":"article","og_title":"New Life - Gamla Bastun in English","og_description":"\u00a0 New Life \u2013 a highly ambitious project with a sense for traditions The stately building known as Eken\u00e4s Badinr\u00e4ttning, the Eken\u00e4s bathing facilities, was completed during the year 1903. In April 2020 the whole premises Gamla Bastun including several old buildings was sold in a public auction to entrepreneur and real estate developer Mr....","og_url":"https:\/\/gamlabastun.fi\/eng\/new-life\/","og_site_name":"Gamla Bastun in English","article_modified_time":"2023-04-24T05:20:09+00:00","og_image":[{"url":"https:\/\/gamlabastun.fi\/eng\/wp-content\/uploads\/sites\/3\/uusi-elama-gamla-bastun.jpg","type":"","width":"","height":""}],"twitter_card":"summary_large_image","twitter_misc":{"Arvioitu lukuaika":"3 minuuttia"},"schema":{"@context":"https:\/\/schema.org","@graph":[{"@type":"WebPage","@id":"https:\/\/gamlabastun.fi\/eng\/new-life\/","url":"https:\/\/gamlabastun.fi\/eng\/new-life\/","name":"New Life - Gamla Bastun in English","isPartOf":{"@id":"https:\/\/gamlabastun.fi\/eng\/#website"},"primaryImageOfPage":{"@id":"https:\/\/gamlabastun.fi\/eng\/new-life\/#primaryimage"},"image":{"@id":"https:\/\/gamlabastun.fi\/eng\/new-life\/#primaryimage"},"thumbnailUrl":"https:\/\/gamlabastun.fi\/eng\/wp-content\/uploads\/sites\/3\/uusi-elama-gamla-bastun.jpg","datePublished":"2023-01-16T11:54:00+00:00","dateModified":"2023-04-24T05:20:09+00:00","breadcrumb":{"@id":"https:\/\/gamlabastun.fi\/eng\/new-life\/#breadcrumb"},"inLanguage":"fi","potentialAction":[{"@type":"ReadAction","target":["https:\/\/gamlabastun.fi\/eng\/new-life\/"]}]},{"@type":"ImageObject","inLanguage":"fi","@id":"https:\/\/gamlabastun.fi\/eng\/new-life\/#primaryimage","url":"https:\/\/gamlabastun.fi\/eng\/wp-content\/uploads\/sites\/3\/uusi-elama-gamla-bastun.jpg","contentUrl":"https:\/\/gamlabastun.fi\/eng\/wp-content\/uploads\/sites\/3\/uusi-elama-gamla-bastun.jpg","width":1300,"height":739,"caption":"uusi-el\u00e4m\u00e4-gamla-bastun"},{"@type":"BreadcrumbList","@id":"https:\/\/gamlabastun.fi\/eng\/new-life\/#breadcrumb","itemListElement":[{"@type":"ListItem","position":1,"name":"Etusivu","item":"https:\/\/gamlabastun.fi\/eng\/"},{"@type":"ListItem","position":2,"name":"New Life"}]},{"@type":"WebSite","@id":"https:\/\/gamlabastun.fi\/eng\/#website","url":"https:\/\/gamlabastun.fi\/eng\/","name":"Gamla Bastun in English","description":"","potentialAction":[{"@type":"SearchAction","target":{"@type":"EntryPoint","urlTemplate":"https:\/\/gamlabastun.fi\/eng\/?s={search_term_string}"},"query-input":{"@type":"PropertyValueSpecification","valueRequired":true,"valueName":"search_term_string"}}],"inLanguage":"fi"}]}},"_links":{"self":[{"href":"https:\/\/gamlabastun.fi\/eng\/wp-json\/wp\/v2\/pages\/657","targetHints":{"allow":["GET"]}}],"collection":[{"href":"https:\/\/gamlabastun.fi\/eng\/wp-json\/wp\/v2\/pages"}],"about":[{"href":"https:\/\/gamlabastun.fi\/eng\/wp-json\/wp\/v2\/types\/page"}],"author":[{"embeddable":true,"href":"https:\/\/gamlabastun.fi\/eng\/wp-json\/wp\/v2\/users\/1"}],"replies":[{"embeddable":true,"href":"https:\/\/gamlabastun.fi\/eng\/wp-json\/wp\/v2\/comments?post=657"}],"version-history":[{"count":12,"href":"https:\/\/gamlabastun.fi\/eng\/wp-json\/wp\/v2\/pages\/657\/revisions"}],"predecessor-version":[{"id":1143,"href":"https:\/\/gamlabastun.fi\/eng\/wp-json\/wp\/v2\/pages\/657\/revisions\/1143"}],"wp:attachment":[{"href":"https:\/\/gamlabastun.fi\/eng\/wp-json\/wp\/v2\/media?parent=657"}],"curies":[{"name":"wp","href":"https:\/\/api.w.org\/{rel}","templated":true}]}}