{"id":2,"date":"2021-05-05T08:29:56","date_gmt":"2021-05-05T05:29:56","guid":{"rendered":"https:\/\/\/?page_id=2"},"modified":"2023-04-26T13:04:27","modified_gmt":"2023-04-26T10:04:27","slug":"esimerkkisivu","status":"publish","type":"page","link":"https:\/\/gamlabastun.fi\/sve\/","title":{"rendered":"Framsidan"},"content":{"rendered":"<p style=\"text-align: center;\">Eken\u00e4s \u00e4r en f\u00f6rtjusande sm\u00e5stad d\u00e4r n\u00e4stan allt ligger inom promenadavst\u00e5nd.<br \/>\n<span class=\"otsake\">Gamla Bastun \u00e4r en port som leder till den idylliska Gamla Stan i Eken\u00e4s.<\/span><\/p>\n<p style=\"text-align: left;\">En av dess byggnadshistoriska p\u00e4rlor ligger vid havet och heter <em>Eken\u00e4s Badinr\u00e4ttning<\/em>. En otroligt fin utsikt \u00f6ver den glittrande stadsfj\u00e4rden \u00f6ppnar sig just<br \/>\nh\u00e4rifr\u00e5n. Tv\u00e5 h\u00f6gklassiga bastun samt en badavdelning skall byggas i den pietetiskt renoverade g\u00e5rden. Till helheten h\u00f6r fem aff\u00e4rsl\u00e4genheter (tv\u00e5 i tegelbyggnaden och tre i den nya bastubyggnaden). Hur skulle det vara med en vinbar och en antikbutik p\u00e5 gatuplan till gl\u00e4dje f\u00f6r de f\u00f6rbipasserande flanerare och alla bes\u00f6kare i Eken\u00e4s som vill g\u00f6ra en instickare?<\/p>\n<p style=\"text-align: left;\">Eken\u00e4s Badinr\u00e4ttning (ritad av arkitekt Theodor H\u00f6ijer, 1903) \u00e4r ett kultur- och byggnadshistoriskt v\u00e4rdefullt m\u00e5l i Eken\u00e4s under generalplanens skydd (sr). Huset \u00e4r en central del av gamla stans byggda kulturmilj\u00f6 som d\u00e4rtill har en riksomfattande arkitektonisk betydelse.<\/p>\n<h2 style=\"text-align: center;\">Historia<\/h2>\n<h3 style=\"text-align: center;\">Eken\u00e4s Badinr\u00e4ttnings tidigare historia<\/h3>\n<p><img loading=\"lazy\" decoding=\"async\" class=\"alignright size-full wp-image-696\" src=\"https:\/\/gamlabastun.fi\/wp-content\/uploads\/sites\/2\/historia.jpg\" alt=\"historia\" width=\"211\" height=\"212\" srcset=\"https:\/\/gamlabastun.fi\/sve\/wp-content\/uploads\/sites\/2\/historia.jpg 211w, https:\/\/gamlabastun.fi\/sve\/wp-content\/uploads\/sites\/2\/historia-199x200.jpg 199w, https:\/\/gamlabastun.fi\/sve\/wp-content\/uploads\/sites\/2\/historia-150x150.jpg 150w, https:\/\/gamlabastun.fi\/sve\/wp-content\/uploads\/sites\/2\/historia-125x125.jpg 125w\" sizes=\"auto, (max-width: 211px) 100vw, 211px\" \/><\/p>\n<p>Magister <em>Lindman <\/em>sammankallar i januari 1902 ett m\u00f6te som skall behandla grundandet av en ny badinr\u00e4ttning i staden. S\u00e5ledes f\u00f6dds <em>Aktiebolaget Eken\u00e4s Badinr\u00e4ttning<\/em>; till bolagets ledning h\u00f6r f\u00f6rutom Lindman konsul <em>H\u00f6ijer<\/em>, byggnadsm\u00e4stare <em>Fransson<\/em> samt kronofogde <em>Ljungberg<\/em>.<\/p>\n<p>Den blivande byggnaden kr\u00e4ver p\u00e5lning tack vare den mycket n\u00e4raliggande havsstranden, men i juli 1903 \u00e4r allt f\u00e4rdigt vid V\u00e4stra Strandgatan. Den ytterst vackra av Theodor H\u00f6ijer ritade byggnaden st\u00e5r fortfarande i v\u00e5r tid p\u00e5 sin plats, numera p\u00e5 2020-talet finare \u00e4n n\u00e5gonsin under namnet Gamla Bastun.<\/p>\n<p>H\u00f6ijers stils\u00e4kra penna och hans unika stil kan besk\u00e5das i m\u00e5nga arkitektoniskt v\u00e4rdefulla byggnader i huvudstaden Helsingfors, s\u00e5som Rickhardsgatans bibliotek (1882), den finska konstens hem och hela nationens mest v\u00e4lk\u00e4nda museum Ateneum (1887) och Hotel K\u00e4mp (1887).<\/p>\n<p style=\"text-align: center;\"><a class=\"puh\" href=\"https:\/\/gamlabastun.fi\/sve\/historia\/\"><strong><span style=\"color: #fff;\">L\u00e4s mer \u00bb<\/span><\/strong><\/a><\/p>\n<p>&nbsp;<\/p>\n<h2 style=\"text-align: center;\">Det Nya Livet &#8211; ett ambiti\u00f6st projekt som uppskattar traditioner<\/h2>\n<p><img loading=\"lazy\" decoding=\"async\" class=\"aligncenter size-full wp-image-1166\" src=\"https:\/\/gamlabastun.fi\/sve\/wp-content\/uploads\/sites\/2\/uusi-elama2.jpg\" alt=\"uusi el\u00e4m\u00e4\" width=\"1302\" height=\"359\" srcset=\"https:\/\/gamlabastun.fi\/sve\/wp-content\/uploads\/sites\/2\/uusi-elama2.jpg 1302w, https:\/\/gamlabastun.fi\/sve\/wp-content\/uploads\/sites\/2\/uusi-elama2-300x83.jpg 300w, https:\/\/gamlabastun.fi\/sve\/wp-content\/uploads\/sites\/2\/uusi-elama2-1024x282.jpg 1024w, https:\/\/gamlabastun.fi\/sve\/wp-content\/uploads\/sites\/2\/uusi-elama2-768x212.jpg 768w\" sizes=\"auto, (max-width: 1302px) 100vw, 1302px\" \/><\/p>\n<p style=\"text-align: left;\">Den st\u00e5tliga byggnaden vid namn Eken\u00e4s Badinr\u00e4ttning blev f\u00e4rdig \u00e5r 1903. April 2020 ropades in kvarteret Gamla Bastun med sina flere byggnader i auktion av f\u00f6retagaren och fastighetsutvecklaren Matti Laamanen.<\/p>\n<p style=\"text-align: left;\">Hela fastighetsutvecklingsprojektet \u00e4r ytterst ambiti\u00f6st som f\u00f6r sin del siktar p\u00e5 att medverka till att Eken\u00e4s forts\u00e4tter sin starka utveckling f\u00f6r att bli en s\u00e5 attraktiv stad f\u00f6r turister som m\u00f6jligt.<\/p>\n<p style=\"text-align: center;\"><a class=\"puh\" href=\"https:\/\/gamlabastun.fi\/sve\/det-nya-livet\/\"><strong><span style=\"color: #fff;\">L\u00e4s mer \u00bb<\/span><\/strong><\/a><\/p>\n<p>&nbsp;<\/p>\n<h2 style=\"text-align: center;\">Boende<\/h2>\n<p><img loading=\"lazy\" decoding=\"async\" class=\"aligncenter size-full wp-image-1088\" src=\"https:\/\/gamlabastun.fi\/\/wp-content\/uploads\/sites\/2\/asuminenB2.jpg\" alt=\"\" width=\"1300\" height=\"555\" srcset=\"https:\/\/gamlabastun.fi\/sve\/wp-content\/uploads\/sites\/2\/asuminenB2.jpg 1300w, https:\/\/gamlabastun.fi\/sve\/wp-content\/uploads\/sites\/2\/asuminenB2-300x128.jpg 300w, https:\/\/gamlabastun.fi\/sve\/wp-content\/uploads\/sites\/2\/asuminenB2-1024x437.jpg 1024w, https:\/\/gamlabastun.fi\/sve\/wp-content\/uploads\/sites\/2\/asuminenB2-768x328.jpg 768w\" sizes=\"auto, (max-width: 1300px) 100vw, 1300px\" \/><\/p>\n<p style=\"text-align: left;\">Hela g\u00e5rden vid Gamla Bastun utg\u00f6r en slags port till hj\u00e4rtat av Gamla Stan i Eken\u00e4s. Dess l\u00e4ge halvv\u00e4gs mellan Stall\u00f6rsparken och V\u00e4stvallen, direkt vid havet med en h\u00e4rlig utsikt \u00f6ver stadsfj\u00e4rden, \u00e4r minst sagt enast\u00e5ende.<\/p>\n<p style=\"text-align: left;\">Varje l\u00e4genhet som h\u00f6r till Gamla Bastun erbjuder sin \u00e4gare eller inv\u00e5nare fina egenskaper: havsutsikt, kulturmilj\u00f6, fridfullhet, sm\u00e5stadscharm, havets doft, kort promenadavst\u00e5nd till alla m\u00e5l som finns inom Eken\u00e4s lilla centrum\u2026<\/p>\n<p style=\"text-align: center;\"><a class=\"puh\" href=\"https:\/\/gamlabastun.fi\/sve\/boende\/\"><strong><span style=\"color: #fff;\">L\u00e4s mer \u00bb<\/span><\/strong><\/a><\/p>\n<p>&nbsp;<\/p>\n<h2 style=\"text-align: center;\">Bastu &amp; Bad<\/h2>\n<p><img loading=\"lazy\" decoding=\"async\" class=\"aligncenter size-full wp-image-946\" src=\"https:\/\/gamlabastun.fi\/wp-content\/uploads\/sites\/2\/sauna.jpg\" alt=\"sauna\" width=\"1300\" height=\"521\" srcset=\"https:\/\/gamlabastun.fi\/sve\/wp-content\/uploads\/sites\/2\/sauna.jpg 1300w, https:\/\/gamlabastun.fi\/sve\/wp-content\/uploads\/sites\/2\/sauna-300x120.jpg 300w, https:\/\/gamlabastun.fi\/sve\/wp-content\/uploads\/sites\/2\/sauna-1024x410.jpg 1024w, https:\/\/gamlabastun.fi\/sve\/wp-content\/uploads\/sites\/2\/sauna-768x308.jpg 768w\" sizes=\"auto, (max-width: 1300px) 100vw, 1300px\" \/><\/p>\n<p style=\"text-align: left;\">Inom kort kommer Gamla Stan i Eken\u00e4s att f\u00e5 uppleva n\u00e5got nytt och nyttigt ang\u00e5ende f\u00f6r oss alla finl\u00e4ndare bekant njutning, n\u00e4mligen bastubad \u2013 det som \u00e4r b\u00e5de h\u00e4lsofr\u00e4mjande och avkopplande. En h\u00f6gklassig Bastu- och Badavdelning skall b\u00f6rja sin verksamhet i fastigheten Gamla Bastun (GB2) inom sin tid.<\/p>\n<p style=\"text-align: center;\"><a class=\"puh\" href=\"https:\/\/gamlabastun.fi\/sve\/bastu-bad\/\"><strong><span style=\"color: #fff;\">L\u00e4s mer \u00bb<\/span><\/strong><\/a><\/p>\n<p>&nbsp;<\/p>\n<h2 style=\"text-align: center;\">Caf\u00e9 &amp; Vinbar<\/h2>\n<p style=\"text-align: center;\"><img loading=\"lazy\" decoding=\"async\" class=\"aligncenter size-full wp-image-999\" src=\"https:\/\/gamlabastun.fi\/wp-content\/uploads\/sites\/2\/cafe-viinibaari1.jpg\" alt=\"cafe-viinibaari\" width=\"1500\" height=\"537\" srcset=\"https:\/\/gamlabastun.fi\/sve\/wp-content\/uploads\/sites\/2\/cafe-viinibaari1.jpg 1500w, https:\/\/gamlabastun.fi\/sve\/wp-content\/uploads\/sites\/2\/cafe-viinibaari1-300x107.jpg 300w, https:\/\/gamlabastun.fi\/sve\/wp-content\/uploads\/sites\/2\/cafe-viinibaari1-1024x367.jpg 1024w, https:\/\/gamlabastun.fi\/sve\/wp-content\/uploads\/sites\/2\/cafe-viinibaari1-768x275.jpg 768w\" sizes=\"auto, (max-width: 1500px) 100vw, 1500px\" \/><\/p>\n<p style=\"text-align: left;\">Vid ing\u00e5ngen till Gamla Stan i Eken\u00e4s, l\u00e4ngs V\u00e4stvallens promenad som erbjuder en vid halvsutsikt, har man l\u00e4ngtat efter en sak: ett trevligt caf\u00e9 med egen profil. Vi talar om ett st\u00e4lle som man g\u00e4rna bes\u00f6ker under sin strandpromenad, ett caf\u00e9 vars bageriprodukter alltid \u00e4r ugnsf\u00e4rska och d\u00e4r baristan skapar just den typens espresso som Du \u00f6nskar. Eller ett st\u00e4lle var man g\u00e4rna g\u00f6r en \u2019pit stop\u2019 fr\u00e5n den n\u00e4raliggande bastuavdelningen f\u00f6r en uppfriskande \u00f6l eller tv\u00e5\u2026<\/p>\n<p style=\"text-align: center;\"><a class=\"puh\" href=\"https:\/\/gamlabastun.fi\/sve\/cafe-vinbar\/\"><strong><span style=\"color: #fff;\">L\u00e4s mer \u00bb<\/span><\/strong><\/a><\/p>\n<p>&nbsp;<\/p>\n<h2 style=\"text-align: center;\">Antikhuset<\/h2>\n<p style=\"text-align: center;\"><img loading=\"lazy\" decoding=\"async\" class=\"aligncenter size-full wp-image-908\" src=\"https:\/\/gamlabastun.fi\/wp-content\/uploads\/sites\/2\/antiikki.jpg\" alt=\"antiikki\" width=\"1300\" height=\"424\" srcset=\"https:\/\/gamlabastun.fi\/sve\/wp-content\/uploads\/sites\/2\/antiikki.jpg 1300w, https:\/\/gamlabastun.fi\/sve\/wp-content\/uploads\/sites\/2\/antiikki-300x98.jpg 300w, https:\/\/gamlabastun.fi\/sve\/wp-content\/uploads\/sites\/2\/antiikki-1024x334.jpg 1024w, https:\/\/gamlabastun.fi\/sve\/wp-content\/uploads\/sites\/2\/antiikki-768x250.jpg 768w\" sizes=\"auto, (max-width: 1300px) 100vw, 1300px\" \/><\/p>\n<p style=\"text-align: left;\">Kunde man f\u00f6rest\u00e4lla sig ett l\u00e4mpligare l\u00e4ge f\u00f6r en unik antikbutik med karakt\u00e4r \u00e4n gatuplan vid den \u00e4rorika byggnaden Gamla Bastun fr\u00e5n \u00e5r 1903?<\/p>\n<p style=\"text-align: center;\"><a class=\"puh\" href=\"https:\/\/gamlabastun.fi\/sve\/antikhuset\/\"><strong><span style=\"color: #fff;\">L\u00e4s mer \u00bb<\/span><\/strong><\/a><\/p>\n<p>&nbsp;<\/p>\n<h2 style=\"text-align: center;\">Reservationer<\/h2>\n<p style=\"text-align: center;\">Inv\u00e5narna i Gamla Bastuns egna sidor.<br \/>\nDenna sida \u00e4r under arbete.<\/p>\n<p style=\"text-align: center;\"><a class=\"puh\" href=\"https:\/\/gamlabastun.fi\/sve\/reservationer\/\"><strong><span style=\"color: #fff;\">L\u00e4s mer \u00bb<\/span><\/strong><\/a><\/p>\n<p>&nbsp;<\/p>\n<h2 style=\"text-align: center;\">Kontaktinfo<\/h2>\n<div class='content-column one_half'><h3 class=\"widget-title\">Gamla Bastun<\/h3>\n<p><strong>F\u00f6rfr\u00e5gningar och kontakter:<\/strong><\/p>\n<p>Grundare:<br \/>\nBostads Ab Eken\u00e4s Badinr\u00e4ttning i Raseborg<\/p>\n<p>F\u00f6rs\u00e4ljning och marknadsf\u00f6ring:<br \/>\nSb-Hem \/ Basti Karjalainen 0440 872 800<br \/>\nbasti.karjalainen@sbhem.fi<\/p>\n<p>Arkitekt och huvudplanerare:<br \/>\nLasse Heikkinen 0500 532 255<br \/>\nlasse.heikkinen@dlc.fi<\/p>\n<p>Fastighetsutvecklare:<br \/>\nMatti Laamanen 040 48 58 880<br \/>\nmatti.k.p.laamanen@gmail.com<\/p><\/div><div class='content-column one_half last_column'><iframe loading=\"lazy\" style=\"border: 0;\" src=\"https:\/\/www.google.com\/maps\/embed?pb=!1m18!1m12!1m3!1d1996.4490486813975!2d23.4286988162123!3d59.974462166170134!2m3!1f0!2f0!3f0!3m2!1i1024!2i768!4f13.1!3m3!1m2!1s0x468d07781d1913f9%3A0x45336228a5e8ac7a!2sL%C3%A4nsivalli%2011%2C%2010600%20Raasepori!5e0!3m2!1sfi!2sfi!4v1673948504112!5m2!1sfi!2sfi\" width=\"600\" height=\"450\" allowfullscreen=\"allowfullscreen\"><\/iframe><\/div><div class='clear_column'><\/div><\/p>\n","protected":false},"excerpt":{"rendered":"<p>Eken\u00e4s \u00e4r en f\u00f6rtjusande sm\u00e5stad d\u00e4r n\u00e4stan allt ligger inom promenadavst\u00e5nd. Gamla Bastun \u00e4r en port som leder till den idylliska Gamla Stan i Eken\u00e4s. En av dess byggnadshistoriska p\u00e4rlor ligger vid havet och heter Eken\u00e4s Badinr\u00e4ttning. En otroligt fin utsikt \u00f6ver den glittrande stadsfj\u00e4rden \u00f6ppnar sig just h\u00e4rifr\u00e5n. Tv\u00e5 h\u00f6gklassiga bastun samt en badavdelning&#8230;<\/p>\n","protected":false},"author":1,"featured_media":0,"parent":0,"menu_order":0,"comment_status":"closed","ping_status":"open","template":"","meta":{"footnotes":""},"class_list":["post-2","page","type-page","status-publish","hentry"],"yoast_head":"<!-- This site is optimized with the Yoast SEO plugin v27.4 - https:\/\/yoast.com\/product\/yoast-seo-wordpress\/ -->\n<title>Gamla Bastun | Tammisaari | Eken\u00e4s<\/title>\n<meta name=\"robots\" content=\"index, follow, max-snippet:-1, max-image-preview:large, max-video-preview:-1\" \/>\n<link rel=\"canonical\" href=\"https:\/\/gamlabastun.fi\/sve\/\" \/>\n<meta property=\"og:locale\" content=\"sv_SE\" \/>\n<meta property=\"og:type\" content=\"article\" \/>\n<meta property=\"og:title\" content=\"Gamla Bastun | Tammisaari | Eken\u00e4s\" \/>\n<meta property=\"og:description\" content=\"Eken\u00e4s \u00e4r en f\u00f6rtjusande sm\u00e5stad d\u00e4r n\u00e4stan allt ligger inom promenadavst\u00e5nd. Gamla Bastun \u00e4r en port som leder till den idylliska Gamla Stan i Eken\u00e4s. En av dess byggnadshistoriska p\u00e4rlor ligger vid havet och heter Eken\u00e4s Badinr\u00e4ttning. En otroligt fin utsikt \u00f6ver den glittrande stadsfj\u00e4rden \u00f6ppnar sig just h\u00e4rifr\u00e5n. Tv\u00e5 h\u00f6gklassiga bastun samt en badavdelning...\" \/>\n<meta property=\"og:url\" content=\"https:\/\/gamlabastun.fi\/sve\/\" \/>\n<meta property=\"og:site_name\" content=\"Gamla Bastun Svenska\" \/>\n<meta property=\"article:modified_time\" content=\"2023-04-26T10:04:27+00:00\" \/>\n<meta property=\"og:image\" content=\"https:\/\/gamlabastun.fi\/wp-content\/uploads\/sites\/2\/historia.jpg\" \/>\n<meta name=\"twitter:card\" content=\"summary_large_image\" \/>\n<meta name=\"twitter:label1\" content=\"Ber\u00e4knad l\u00e4stid\" \/>\n\t<meta name=\"twitter:data1\" content=\"6 minuter\" \/>\n<script type=\"application\/ld+json\" class=\"yoast-schema-graph\">{\"@context\":\"https:\\\/\\\/schema.org\",\"@graph\":[{\"@type\":\"WebPage\",\"@id\":\"https:\\\/\\\/gamlabastun.fi\\\/sve\\\/\",\"url\":\"https:\\\/\\\/gamlabastun.fi\\\/sve\\\/\",\"name\":\"Gamla Bastun | Tammisaari | Eken\u00e4s\",\"isPartOf\":{\"@id\":\"https:\\\/\\\/gamlabastun.fi\\\/sve\\\/#website\"},\"primaryImageOfPage\":{\"@id\":\"https:\\\/\\\/gamlabastun.fi\\\/sve\\\/#primaryimage\"},\"image\":{\"@id\":\"https:\\\/\\\/gamlabastun.fi\\\/sve\\\/#primaryimage\"},\"thumbnailUrl\":\"https:\\\/\\\/gamlabastun.fi\\\/wp-content\\\/uploads\\\/sites\\\/2\\\/historia.jpg\",\"datePublished\":\"2021-05-05T05:29:56+00:00\",\"dateModified\":\"2023-04-26T10:04:27+00:00\",\"breadcrumb\":{\"@id\":\"https:\\\/\\\/gamlabastun.fi\\\/sve\\\/#breadcrumb\"},\"inLanguage\":\"sv-SE\",\"potentialAction\":[{\"@type\":\"ReadAction\",\"target\":[\"https:\\\/\\\/gamlabastun.fi\\\/sve\\\/\"]}]},{\"@type\":\"ImageObject\",\"inLanguage\":\"sv-SE\",\"@id\":\"https:\\\/\\\/gamlabastun.fi\\\/sve\\\/#primaryimage\",\"url\":\"https:\\\/\\\/gamlabastun.fi\\\/wp-content\\\/uploads\\\/sites\\\/2\\\/historia.jpg\",\"contentUrl\":\"https:\\\/\\\/gamlabastun.fi\\\/wp-content\\\/uploads\\\/sites\\\/2\\\/historia.jpg\"},{\"@type\":\"BreadcrumbList\",\"@id\":\"https:\\\/\\\/gamlabastun.fi\\\/sve\\\/#breadcrumb\",\"itemListElement\":[{\"@type\":\"ListItem\",\"position\":1,\"name\":\"Etusivu\",\"item\":\"https:\\\/\\\/gamlabastun.fi\\\/sve\\\/\"},{\"@type\":\"ListItem\",\"position\":2,\"name\":\"Framsidan\"}]},{\"@type\":\"WebSite\",\"@id\":\"https:\\\/\\\/gamlabastun.fi\\\/sve\\\/#website\",\"url\":\"https:\\\/\\\/gamlabastun.fi\\\/sve\\\/\",\"name\":\"Gamla Bastun Svenska\",\"description\":\"\",\"potentialAction\":[{\"@type\":\"SearchAction\",\"target\":{\"@type\":\"EntryPoint\",\"urlTemplate\":\"https:\\\/\\\/gamlabastun.fi\\\/sve\\\/?s={search_term_string}\"},\"query-input\":{\"@type\":\"PropertyValueSpecification\",\"valueRequired\":true,\"valueName\":\"search_term_string\"}}],\"inLanguage\":\"sv-SE\"}]}<\/script>\n<!-- \/ Yoast SEO plugin. -->","yoast_head_json":{"title":"Gamla Bastun | Tammisaari | Eken\u00e4s","robots":{"index":"index","follow":"follow","max-snippet":"max-snippet:-1","max-image-preview":"max-image-preview:large","max-video-preview":"max-video-preview:-1"},"canonical":"https:\/\/gamlabastun.fi\/sve\/","og_locale":"sv_SE","og_type":"article","og_title":"Gamla Bastun | Tammisaari | Eken\u00e4s","og_description":"Eken\u00e4s \u00e4r en f\u00f6rtjusande sm\u00e5stad d\u00e4r n\u00e4stan allt ligger inom promenadavst\u00e5nd. Gamla Bastun \u00e4r en port som leder till den idylliska Gamla Stan i Eken\u00e4s. En av dess byggnadshistoriska p\u00e4rlor ligger vid havet och heter Eken\u00e4s Badinr\u00e4ttning. En otroligt fin utsikt \u00f6ver den glittrande stadsfj\u00e4rden \u00f6ppnar sig just h\u00e4rifr\u00e5n. Tv\u00e5 h\u00f6gklassiga bastun samt en badavdelning...","og_url":"https:\/\/gamlabastun.fi\/sve\/","og_site_name":"Gamla Bastun Svenska","article_modified_time":"2023-04-26T10:04:27+00:00","og_image":[{"url":"https:\/\/gamlabastun.fi\/wp-content\/uploads\/sites\/2\/historia.jpg","type":"","width":"","height":""}],"twitter_card":"summary_large_image","twitter_misc":{"Ber\u00e4knad l\u00e4stid":"6 minuter"},"schema":{"@context":"https:\/\/schema.org","@graph":[{"@type":"WebPage","@id":"https:\/\/gamlabastun.fi\/sve\/","url":"https:\/\/gamlabastun.fi\/sve\/","name":"Gamla Bastun | Tammisaari | Eken\u00e4s","isPartOf":{"@id":"https:\/\/gamlabastun.fi\/sve\/#website"},"primaryImageOfPage":{"@id":"https:\/\/gamlabastun.fi\/sve\/#primaryimage"},"image":{"@id":"https:\/\/gamlabastun.fi\/sve\/#primaryimage"},"thumbnailUrl":"https:\/\/gamlabastun.fi\/wp-content\/uploads\/sites\/2\/historia.jpg","datePublished":"2021-05-05T05:29:56+00:00","dateModified":"2023-04-26T10:04:27+00:00","breadcrumb":{"@id":"https:\/\/gamlabastun.fi\/sve\/#breadcrumb"},"inLanguage":"sv-SE","potentialAction":[{"@type":"ReadAction","target":["https:\/\/gamlabastun.fi\/sve\/"]}]},{"@type":"ImageObject","inLanguage":"sv-SE","@id":"https:\/\/gamlabastun.fi\/sve\/#primaryimage","url":"https:\/\/gamlabastun.fi\/wp-content\/uploads\/sites\/2\/historia.jpg","contentUrl":"https:\/\/gamlabastun.fi\/wp-content\/uploads\/sites\/2\/historia.jpg"},{"@type":"BreadcrumbList","@id":"https:\/\/gamlabastun.fi\/sve\/#breadcrumb","itemListElement":[{"@type":"ListItem","position":1,"name":"Etusivu","item":"https:\/\/gamlabastun.fi\/sve\/"},{"@type":"ListItem","position":2,"name":"Framsidan"}]},{"@type":"WebSite","@id":"https:\/\/gamlabastun.fi\/sve\/#website","url":"https:\/\/gamlabastun.fi\/sve\/","name":"Gamla Bastun Svenska","description":"","potentialAction":[{"@type":"SearchAction","target":{"@type":"EntryPoint","urlTemplate":"https:\/\/gamlabastun.fi\/sve\/?s={search_term_string}"},"query-input":{"@type":"PropertyValueSpecification","valueRequired":true,"valueName":"search_term_string"}}],"inLanguage":"sv-SE"}]}},"_links":{"self":[{"href":"https:\/\/gamlabastun.fi\/sve\/wp-json\/wp\/v2\/pages\/2","targetHints":{"allow":["GET"]}}],"collection":[{"href":"https:\/\/gamlabastun.fi\/sve\/wp-json\/wp\/v2\/pages"}],"about":[{"href":"https:\/\/gamlabastun.fi\/sve\/wp-json\/wp\/v2\/types\/page"}],"author":[{"embeddable":true,"href":"https:\/\/gamlabastun.fi\/sve\/wp-json\/wp\/v2\/users\/1"}],"replies":[{"embeddable":true,"href":"https:\/\/gamlabastun.fi\/sve\/wp-json\/wp\/v2\/comments?post=2"}],"version-history":[{"count":244,"href":"https:\/\/gamlabastun.fi\/sve\/wp-json\/wp\/v2\/pages\/2\/revisions"}],"predecessor-version":[{"id":1174,"href":"https:\/\/gamlabastun.fi\/sve\/wp-json\/wp\/v2\/pages\/2\/revisions\/1174"}],"wp:attachment":[{"href":"https:\/\/gamlabastun.fi\/sve\/wp-json\/wp\/v2\/media?parent=2"}],"curies":[{"name":"wp","href":"https:\/\/api.w.org\/{rel}","templated":true}]}}