{"id":2,"date":"2021-05-05T08:29:56","date_gmt":"2021-05-05T05:29:56","guid":{"rendered":"https:\/\/\/?page_id=2"},"modified":"2024-07-25T09:26:59","modified_gmt":"2024-07-25T06:26:59","slug":"esimerkkisivu","status":"publish","type":"page","link":"https:\/\/gamlabastun.fi\/villaq\/","title":{"rendered":"Etusivu"},"content":{"rendered":"<p style=\"text-align: center;\"><div class='content-column one_third'><p><b>Yhteystiedot ja tiedustelut, varaukset sek\u00e4 hinnoittelu: \/<br \/>\nKontaktinformation och f\u00f6rfr\u00e5gningar, bokningar och priser: \/<br \/>\nContact and additional information, availability and pricing:<\/b><\/p>\n<p><b>Matti Laamanen<br \/>\nemail:\u00a0<a class=\"mailto\" title=\"L\u00e4het\u00e4 s\u00e4hk\u00f6postia vastaanottajalle matti.k.p.laamanen@gmail.com\" href=\"mailto:matti.k.p.laamanen@gmail.com\" target=\"_blank\" rel=\"noopener\">matti.k.p.laamanen@gmail.com<\/a><br \/>\nmobile:+358 (0)40 48 58 880<br \/>\n<\/b><\/p>\n<p><b>Asunto Oy Quercus Bostads Ab<br \/>\nLiinakankurinkatu 10<br \/>\nFI-10600 Eken\u00e4s \/ Tammisaari<\/b><\/p>\n<p style=\"text-align: left;\"><\/div><div class='content-column one_third'><img loading=\"lazy\" decoding=\"async\" class=\"aligncenter wp-image-1268\" src=\"https:\/\/gamlabastun.fi\/villaq\/wp-content\/uploads\/sites\/4\/villa2.jpg\" alt=\"Villa Q\" width=\"400\" height=\"364\" srcset=\"https:\/\/gamlabastun.fi\/villaq\/wp-content\/uploads\/sites\/4\/villa2.jpg 605w, https:\/\/gamlabastun.fi\/villaq\/wp-content\/uploads\/sites\/4\/villa2-220x200.jpg 220w\" sizes=\"auto, (max-width: 400px) 100vw, 400px\" \/><\/div><div class='content-column one_third last_column'><a href=\"https:\/\/gamlabastun.fi\/villaq\/wp-content\/uploads\/sites\/4\/Villa-Q-brochure-2023.pdf\" target=\"_blank\" rel=\"noopener\">Lataa Villa Q pdf-esite\u00a0 \/ Brochure \u00bb<\/a><br \/>\n<a href=\"https:\/\/gamlabastun.fi\/villaq\/villa-q-kuvagalleria\/\">Kuvagalleria \/ Photogallery \u00bb<\/a><br \/>\n<a href=\"https:\/\/gamlabastun.fi\/video-villaq\/Liinakankurinkatu10.mp4\" target=\"_blank\" rel=\"noopener\">Esittelyvideo Villa Q 2018 \u00bb<\/a><\/p>\n<p style=\"text-align: left;\"><a href=\"https:\/\/gamlabastun.fi\/\" target=\"_blank\" rel=\"noopener\">Gamla Bastun \u00bb<\/a><\/p>\n<p style=\"text-align: left;\"><\/div><div class='clear_column'><\/div><\/p>\n","protected":false},"excerpt":{"rendered":"","protected":false},"author":1,"featured_media":0,"parent":0,"menu_order":0,"comment_status":"closed","ping_status":"open","template":"","meta":{"footnotes":""},"class_list":["post-2","page","type-page","status-publish","hentry"],"yoast_head":"<!-- This site is optimized with the Yoast SEO plugin v27.5 - https:\/\/yoast.com\/product\/yoast-seo-wordpress\/ -->\n<title>Villa Q | Tammisaari | Eken\u00e4s<\/title>\n<meta name=\"description\" content=\"A unique villa built in 1932 for a merchant family. It is located in the old town ofTammisaari (Gamla Stan i Eken\u00e4s).Tammisaari is a charming, historical area on a bay of Finland - only about one hour drivefrom Helsinki.\" \/>\n<meta name=\"robots\" content=\"index, follow, max-snippet:-1, max-image-preview:large, max-video-preview:-1\" \/>\n<link rel=\"canonical\" href=\"https:\/\/gamlabastun.fi\/villaq\/\" \/>\n<meta property=\"og:locale\" content=\"fi_FI\" \/>\n<meta property=\"og:type\" content=\"article\" \/>\n<meta property=\"og:title\" content=\"Villa Q | Tammisaari | Eken\u00e4s\" \/>\n<meta property=\"og:description\" content=\"A unique villa built in 1932 for a merchant family. It is located in the old town ofTammisaari (Gamla Stan i Eken\u00e4s).Tammisaari is a charming, historical area on a bay of Finland - only about one hour drivefrom Helsinki.\" \/>\n<meta property=\"og:url\" content=\"https:\/\/gamlabastun.fi\/villaq\/\" \/>\n<meta property=\"og:site_name\" content=\"Villa Q\" \/>\n<meta property=\"article:modified_time\" content=\"2024-07-25T06:26:59+00:00\" \/>\n<meta property=\"og:image\" content=\"https:\/\/gamlabastun.fi\/villaq\/wp-content\/uploads\/sites\/4\/villa2.jpg\" \/>\n<meta name=\"twitter:card\" content=\"summary_large_image\" \/>\n<meta name=\"twitter:label1\" content=\"Arvioitu lukuaika\" \/>\n\t<meta name=\"twitter:data1\" content=\"1 minuutti\" \/>\n<script type=\"application\/ld+json\" class=\"yoast-schema-graph\">{\"@context\":\"https:\\\/\\\/schema.org\",\"@graph\":[{\"@type\":\"WebPage\",\"@id\":\"https:\\\/\\\/gamlabastun.fi\\\/villaq\\\/\",\"url\":\"https:\\\/\\\/gamlabastun.fi\\\/villaq\\\/\",\"name\":\"Villa Q | Tammisaari | Eken\u00e4s\",\"isPartOf\":{\"@id\":\"https:\\\/\\\/gamlabastun.fi\\\/villaq\\\/#website\"},\"primaryImageOfPage\":{\"@id\":\"https:\\\/\\\/gamlabastun.fi\\\/villaq\\\/#primaryimage\"},\"image\":{\"@id\":\"https:\\\/\\\/gamlabastun.fi\\\/villaq\\\/#primaryimage\"},\"thumbnailUrl\":\"https:\\\/\\\/gamlabastun.fi\\\/villaq\\\/wp-content\\\/uploads\\\/sites\\\/4\\\/villa2.jpg\",\"datePublished\":\"2021-05-05T05:29:56+00:00\",\"dateModified\":\"2024-07-25T06:26:59+00:00\",\"description\":\"A unique villa built in 1932 for a merchant family. It is located in the old town ofTammisaari (Gamla Stan i Eken\u00e4s).Tammisaari is a charming, historical area on a bay of Finland - only about one hour drivefrom Helsinki.\",\"breadcrumb\":{\"@id\":\"https:\\\/\\\/gamlabastun.fi\\\/villaq\\\/#breadcrumb\"},\"inLanguage\":\"fi\",\"potentialAction\":[{\"@type\":\"ReadAction\",\"target\":[\"https:\\\/\\\/gamlabastun.fi\\\/villaq\\\/\"]}]},{\"@type\":\"ImageObject\",\"inLanguage\":\"fi\",\"@id\":\"https:\\\/\\\/gamlabastun.fi\\\/villaq\\\/#primaryimage\",\"url\":\"https:\\\/\\\/gamlabastun.fi\\\/villaq\\\/wp-content\\\/uploads\\\/sites\\\/4\\\/villa2.jpg\",\"contentUrl\":\"https:\\\/\\\/gamlabastun.fi\\\/villaq\\\/wp-content\\\/uploads\\\/sites\\\/4\\\/villa2.jpg\",\"width\":605,\"height\":550,\"caption\":\"Villa Q\"},{\"@type\":\"BreadcrumbList\",\"@id\":\"https:\\\/\\\/gamlabastun.fi\\\/villaq\\\/#breadcrumb\",\"itemListElement\":[{\"@type\":\"ListItem\",\"position\":1,\"name\":\"Etusivu\",\"item\":\"https:\\\/\\\/gamlabastun.fi\\\/villaq\\\/\"},{\"@type\":\"ListItem\",\"position\":2,\"name\":\"Etusivu\"}]},{\"@type\":\"WebSite\",\"@id\":\"https:\\\/\\\/gamlabastun.fi\\\/villaq\\\/#website\",\"url\":\"https:\\\/\\\/gamlabastun.fi\\\/villaq\\\/\",\"name\":\"Villa Q\",\"description\":\"\",\"potentialAction\":[{\"@type\":\"SearchAction\",\"target\":{\"@type\":\"EntryPoint\",\"urlTemplate\":\"https:\\\/\\\/gamlabastun.fi\\\/villaq\\\/?s={search_term_string}\"},\"query-input\":{\"@type\":\"PropertyValueSpecification\",\"valueRequired\":true,\"valueName\":\"search_term_string\"}}],\"inLanguage\":\"fi\"}]}<\/script>\n<!-- \/ Yoast SEO plugin. -->","yoast_head_json":{"title":"Villa Q | Tammisaari | Eken\u00e4s","description":"A unique villa built in 1932 for a merchant family. It is located in the old town ofTammisaari (Gamla Stan i Eken\u00e4s).Tammisaari is a charming, historical area on a bay of Finland - only about one hour drivefrom Helsinki.","robots":{"index":"index","follow":"follow","max-snippet":"max-snippet:-1","max-image-preview":"max-image-preview:large","max-video-preview":"max-video-preview:-1"},"canonical":"https:\/\/gamlabastun.fi\/villaq\/","og_locale":"fi_FI","og_type":"article","og_title":"Villa Q | Tammisaari | Eken\u00e4s","og_description":"A unique villa built in 1932 for a merchant family. It is located in the old town ofTammisaari (Gamla Stan i Eken\u00e4s).Tammisaari is a charming, historical area on a bay of Finland - only about one hour drivefrom Helsinki.","og_url":"https:\/\/gamlabastun.fi\/villaq\/","og_site_name":"Villa Q","article_modified_time":"2024-07-25T06:26:59+00:00","og_image":[{"url":"https:\/\/gamlabastun.fi\/villaq\/wp-content\/uploads\/sites\/4\/villa2.jpg","type":"","width":"","height":""}],"twitter_card":"summary_large_image","twitter_misc":{"Arvioitu lukuaika":"1 minuutti"},"schema":{"@context":"https:\/\/schema.org","@graph":[{"@type":"WebPage","@id":"https:\/\/gamlabastun.fi\/villaq\/","url":"https:\/\/gamlabastun.fi\/villaq\/","name":"Villa Q | Tammisaari | Eken\u00e4s","isPartOf":{"@id":"https:\/\/gamlabastun.fi\/villaq\/#website"},"primaryImageOfPage":{"@id":"https:\/\/gamlabastun.fi\/villaq\/#primaryimage"},"image":{"@id":"https:\/\/gamlabastun.fi\/villaq\/#primaryimage"},"thumbnailUrl":"https:\/\/gamlabastun.fi\/villaq\/wp-content\/uploads\/sites\/4\/villa2.jpg","datePublished":"2021-05-05T05:29:56+00:00","dateModified":"2024-07-25T06:26:59+00:00","description":"A unique villa built in 1932 for a merchant family. It is located in the old town ofTammisaari (Gamla Stan i Eken\u00e4s).Tammisaari is a charming, historical area on a bay of Finland - only about one hour drivefrom Helsinki.","breadcrumb":{"@id":"https:\/\/gamlabastun.fi\/villaq\/#breadcrumb"},"inLanguage":"fi","potentialAction":[{"@type":"ReadAction","target":["https:\/\/gamlabastun.fi\/villaq\/"]}]},{"@type":"ImageObject","inLanguage":"fi","@id":"https:\/\/gamlabastun.fi\/villaq\/#primaryimage","url":"https:\/\/gamlabastun.fi\/villaq\/wp-content\/uploads\/sites\/4\/villa2.jpg","contentUrl":"https:\/\/gamlabastun.fi\/villaq\/wp-content\/uploads\/sites\/4\/villa2.jpg","width":605,"height":550,"caption":"Villa Q"},{"@type":"BreadcrumbList","@id":"https:\/\/gamlabastun.fi\/villaq\/#breadcrumb","itemListElement":[{"@type":"ListItem","position":1,"name":"Etusivu","item":"https:\/\/gamlabastun.fi\/villaq\/"},{"@type":"ListItem","position":2,"name":"Etusivu"}]},{"@type":"WebSite","@id":"https:\/\/gamlabastun.fi\/villaq\/#website","url":"https:\/\/gamlabastun.fi\/villaq\/","name":"Villa Q","description":"","potentialAction":[{"@type":"SearchAction","target":{"@type":"EntryPoint","urlTemplate":"https:\/\/gamlabastun.fi\/villaq\/?s={search_term_string}"},"query-input":{"@type":"PropertyValueSpecification","valueRequired":true,"valueName":"search_term_string"}}],"inLanguage":"fi"}]}},"_links":{"self":[{"href":"https:\/\/gamlabastun.fi\/villaq\/wp-json\/wp\/v2\/pages\/2","targetHints":{"allow":["GET"]}}],"collection":[{"href":"https:\/\/gamlabastun.fi\/villaq\/wp-json\/wp\/v2\/pages"}],"about":[{"href":"https:\/\/gamlabastun.fi\/villaq\/wp-json\/wp\/v2\/types\/page"}],"author":[{"embeddable":true,"href":"https:\/\/gamlabastun.fi\/villaq\/wp-json\/wp\/v2\/users\/1"}],"replies":[{"embeddable":true,"href":"https:\/\/gamlabastun.fi\/villaq\/wp-json\/wp\/v2\/comments?post=2"}],"version-history":[{"count":267,"href":"https:\/\/gamlabastun.fi\/villaq\/wp-json\/wp\/v2\/pages\/2\/revisions"}],"predecessor-version":[{"id":1313,"href":"https:\/\/gamlabastun.fi\/villaq\/wp-json\/wp\/v2\/pages\/2\/revisions\/1313"}],"wp:attachment":[{"href":"https:\/\/gamlabastun.fi\/villaq\/wp-json\/wp\/v2\/media?parent=2"}],"curies":[{"name":"wp","href":"https:\/\/api.w.org\/{rel}","templated":true}]}}