{"id":3,"date":"2021-05-05T08:29:56","date_gmt":"2021-05-05T05:29:56","guid":{"rendered":"https:\/\/\/?page_id=3"},"modified":"2024-09-30T09:42:29","modified_gmt":"2024-09-30T06:42:29","slug":"tietosuojaseloste","status":"publish","type":"page","link":"https:\/\/gamlabastun.fi\/villaq\/tietosuojaseloste\/","title":{"rendered":"Tietosuojaseloste"},"content":{"rendered":"<h1>Tietosuojaseloste<br \/>\nVilla Q<\/h1>\n<p><strong>1. Rekisterinpit\u00e4j\u00e4 ja yhteyshenkil\u00f6<\/strong><br \/>\nRekisterinpit\u00e4j\u00e4: Bostads Ab Eken\u00e4s Badinr\u00e4ttning i Raseborg<br \/>\nOsoite: c\/o Gamla Bastun, L\u00e4nsivalli 11, FI-10600 Tammisaari<br \/>\nPuhelin: +358 40 485 8880<br \/>\nYhteyshenkil\u00f6 ja tietosuojavastaava: Matti Laamanen<\/p>\n<p><strong>2. Rekisterin nimi ja rekister\u00f6idyt<\/strong><br \/>\nAsiakasrekisteri. Rekisteriss\u00e4 k\u00e4sitell\u00e4\u00e4n yrityksen asiakastietoja.<\/p>\n<p><strong>3. Henkil\u00f6tietojen k\u00e4sittelynk\u00e4ytt\u00f6tarkoitus<\/strong><br \/>\nRekisterin k\u00e4ytt\u00f6tarkoituksena on asiakasyritysten ajantasainen hallinta ja yll\u00e4pito.<br \/>\nRekisteri\u00e4 k\u00e4ytet\u00e4\u00e4n yrityksen laskutuksessa ja asiakkuuden kannalta t\u00e4rkeiden viestien l\u00e4hett\u00e4misess\u00e4.<br \/>\nTietoja ei luovuteta kolmansille osapuolille.<\/p>\n<p><strong>4. Rekisterin tietosis\u00e4lt\u00f6<\/strong><br \/>\nRekisteriss\u00e4 k\u00e4sitell\u00e4\u00e4n yrityksen asiakkaiden yhteystietoja sek\u00e4 muita j\u00e4senyyteen liittyvi\u00e4 tarpeellisia tietoja.<br \/>\nN\u00e4it\u00e4 tietoja ovat:<\/p>\n<ul>\n<li>Rekister\u00f6idyn yrityksen nimi ja Y-tunnus<\/li>\n<li>Rekister\u00f6idyn yrityksen osoite ja kotipaikka<\/li>\n<li>Rekister\u00f6idyn yhteys henkil\u00f6n etu- ja sukunimi<\/li>\n<li>Rekister\u00f6idyn yrityksen laskutusosoite<\/li>\n<li>Rekister\u00f6idyn yrityksen ja\/tai yhteyshenkil\u00f6n s\u00e4hk\u00f6postiosoite<\/li>\n<li>Rekister\u00f6idyn yrityksen ja yhteyshenkil\u00f6n puhelinnumero<\/li>\n<\/ul>\n<p><strong>5. S\u00e4\u00e4nn\u00f6nmukaiset tietol\u00e4hteet<\/strong><br \/>\nYhteystiedot ker\u00e4t\u00e4\u00e4n rekister\u00f6idylt\u00e4 itselt\u00e4\u00e4n.<\/p>\n<p><strong>6. Henkil\u00f6tietojen suojaaminen ja tietoturva<\/strong><br \/>\nYrityksen asiakkaiden yhteystietoja s\u00e4ilytet\u00e4\u00e4n Bostads Ab Eken\u00e4s Badinr\u00e4ttning i Raseborg laskutusohjelmiston asiakasrekisteriss\u00e4. Rekisteri on tallennettuna ainoastaan laskutukseen k\u00e4ytett\u00e4v\u00e4n tietokoneen kiintolevylle ja sen varmuuskopioihin. Tietoihin ei p\u00e4\u00e4se k\u00e4siksi internetin v\u00e4lityksell\u00e4. Henkil\u00f6tietoihin p\u00e4\u00e4sy on rajattu, eik\u00e4 tietoja luovuteta muille toimijoille. Henkil\u00f6tiedot s\u00e4ilytet\u00e4\u00e4n rekisteriss\u00e4 niin kauan kuin rekister\u00f6ity on yrityksen asiakas. Asiakkuuden p\u00e4\u00e4ttymisen j\u00e4lkeen henkil\u00f6tietoja s\u00e4ilytet\u00e4\u00e4n p\u00e4\u00e4s\u00e4\u00e4nt\u00f6isesti 12 kuukautta. Kaikki manuaalinen aineisto s\u00e4ilytet\u00e4\u00e4n lukitussa tilassa. Rekisteriin talletetut tiedot eiv\u00e4t ole s\u00e4\u00e4detty salassa pidett\u00e4viksi.<br \/>\nRekisteritiedot on suojattu ulkopuoliselta k\u00e4yt\u00f6lt\u00e4 ja asiakastietojen k\u00e4ytt\u00f6\u00e4 valvotaan. Yrityksenk\u00e4yt\u00f6ss\u00e4 olevatietokone, sek\u00e4 sen ty\u00f6asema on suojattu.<br \/>\nYrityksen s\u00e4hk\u00f6postiohjelma tallentaa yritykselle tulleiden ja l\u00e4hetettyjen viestien s\u00e4hk\u00f6postiosoitteet. Yrityksen kotisivuilla olevien yhteydenottolomakkeiden kautta l\u00e4hetetyt tiedot v\u00e4littyv\u00e4t yrityksen s\u00e4hk\u00f6postiin https-suojatulla yhteydell\u00e4. S\u00e4hk\u00f6postien palvelimen tietoturvasta huolehtii luotettava kotimainen palveluntarjoaja.<\/p>\n<p><strong>7. Henkil\u00f6tietojen s\u00e4\u00e4nn\u00f6nmukaiset luovutukset ja siirrot<\/strong><br \/>\nHenkil\u00f6tietoja s\u00e4ilytet\u00e4\u00e4n ainoastaan yrityksen sis\u00e4isess\u00e4 j\u00e4rjestelm\u00e4ss\u00e4 johon ei ole p\u00e4\u00e4sy\u00e4 internetin v\u00e4lityksell\u00e4. Henkil\u00f6tietoja ei luovuteta muille toimijoille.<\/p>\n<p><strong>8. Henkil\u00f6tietojen siirrot Euroopan unionin tai Euroopan talousalueen ulkopuolelle<\/strong><br \/>\nYritys ei k\u00e4yt\u00e4 yhteystietojen k\u00e4sittelyss\u00e4 tai sen siirrossa Euroopan unionin tai Euroopan talousalueen ulkopuolella olevia palveluja, eik\u00e4 tietoihin anneta p\u00e4\u00e4sy\u00e4 enemp\u00e4\u00e4 kuin on v\u00e4ltt\u00e4m\u00e4t\u00f6nt\u00e4 palveluiden toteuttamiseksi.<\/p>\n<p><strong>9. Henkil\u00f6tietojen s\u00e4ilytysaika<\/strong><br \/>\nHenkil\u00f6tiedot s\u00e4ilytet\u00e4\u00e4n rekisteriss\u00e4 niin kauan kuin rekister\u00f6ity on yrityksen asiakas. Asiakkuuden p\u00e4\u00e4ttymisen j\u00e4lkeen henkil\u00f6tietoja s\u00e4ilytet\u00e4\u00e4n p\u00e4\u00e4s\u00e4\u00e4nt\u00f6isesti 12 kuukautta.<\/p>\n<p><strong>10. Rekister\u00f6idyn tarkastusoikeus<\/strong><br \/>\nRekister\u00f6idyll\u00e4 on p\u00e4\u00e4s\u00e4\u00e4nt\u00f6isesti oikeus tarkastaa henkil\u00f6rekisteriin talletetut tietonsa, milloin tahansa:<\/p>\n<ul>\n<li>saada tieto henkil\u00f6tietojensa k\u00e4sittelyst\u00e4<\/li>\n<li>saada p\u00e4\u00e4sy omiin tietoihinsa ja tarkastaa itse\u00e4\u00e4n koskevat yrityksen k\u00e4sittelem\u00e4t henkil\u00f6tiedot<\/li>\n<li>vaatia ep\u00e4tarkan ja virheellisen henkil\u00f6tiedon oikaisua ja tietojen t\u00e4ydent\u00e4mist\u00e4<\/li>\n<li>vaatia henkil\u00f6tietojensa poistamista<\/li>\n<li>peruuttaa suostumuksensa ja vastustaa henkil\u00f6tietojensa k\u00e4sittely\u00e4 silt\u00e4 osin kuin henkil\u00f6tietojen k\u00e4sittely perustuu rekister\u00f6idyn suostumukseen<\/li>\n<li>vastustaa henkil\u00f6tietojensa k\u00e4sittely\u00e4 henkil\u00f6kohtaiseen erityiseen tilanteeseensa liittyv\u00e4ll\u00e4 perusteella silt\u00e4 osin kuin henkil\u00f6tietojen k\u00e4sittelyperusteena on yhdistyksen oikeutettu etu<\/li>\n<li>saada henkil\u00f6tietonsa s\u00e4hk\u00f6isess\u00e4 muodossa ja siirt\u00e4\u00e4 kyseiset tiedot toiselle rekisterinpit\u00e4j\u00e4lle edellytt\u00e4en, ett\u00e4 rekister\u00f6ity on itse toimittanut kyseiset henkil\u00f6tiedot yritykselle. Yritys k\u00e4sittelee kyseisi\u00e4 henkil\u00f6tietoja rekister\u00f6idyn suostumuksen perusteella ja k\u00e4sittely suoritetaan automaattisesti<\/li>\n<li>vaatia henkil\u00f6tietojensa k\u00e4sittelyn rajoittamista.<\/li>\n<\/ul>\n<p>Rekister\u00f6idyn tulee esitt\u00e4\u00e4 edell\u00e4 mainitun oikeuden toteuttamista koskeva pyynt\u00f6 t\u00e4m\u00e4n tietosuojaselosteen Rekisterinpit\u00e4j\u00e4 ja yhteyshenkil\u00f6-kohdanyksi (1)mukaisesti. Yritysvoi pyyt\u00e4\u00e4 rekister\u00f6ity\u00e4 tarkentamaan pyynt\u00f6\u00e4\u00e4n kirjallisesti ja varmentamaan rekister\u00f6idyn henkil\u00f6llisyyden ennen pyynn\u00f6n k\u00e4sittelemist\u00e4. Yritys voi kielt\u00e4yty\u00e4 pyynn\u00f6n toteuttamisesta sovellettavassa laissa s\u00e4\u00e4detyll\u00e4 perusteella.<\/p>\n<p><strong>11. Oikeus valittaa valvontaviranomaiselle<\/strong><br \/>\nJokaisella rekister\u00f6idyll\u00e4 on oikeus tehd\u00e4 valitus asianomaiselle valvontaviranomaiselle taikka sen Euroopan unionin j\u00e4senvaltion valvontaviranomaiselle, jossa rekister\u00f6idyn asuinpaikka tai ty\u00f6paikka sijaitsee, mik\u00e4li rekister\u00f6ity katsoo, ett\u00e4 h\u00e4nen henkil\u00f6tietojaan ei ole k\u00e4sitelty soveltuvan tietosuojalains\u00e4\u00e4d\u00e4nn\u00f6n mukaisesti.<\/p>\n<p><strong>12. Yhteydenotot<\/strong><br \/>\nRekister\u00f6idyn oikeuksien k\u00e4ytt\u00e4mist\u00e4 koskevat pyynn\u00f6t, kysymykset t\u00e4st\u00e4 tietosuojaselosteesta ja muut yhteydenotot tulee tehd\u00e4 rekisterin yll\u00e4pit\u00e4j\u00e4ns\u00e4hk\u00f6postiin matti.k.p.laamanen@gmail.com<\/p>\n<p>Rekister\u00f6ity voi my\u00f6s ottaa yhteytt\u00e4 henkil\u00f6kohtaisesti tai kirjallisesti alla olevaan osoitteeseen:<\/p>\n<p>Bostads Ab Eken\u00e4s Badinr\u00e4ttning i Raseborg<br \/>\nL\u00e4nsivalli 11<br \/>\nFI-10600<br \/>\nTammisaari<\/p>\n<p><strong>13. Muutokset t\u00e4h\u00e4n tietosuojaselosteeseen<\/strong><br \/>\nT\u00e4t\u00e4 tietosuojaselostetta voidaan p\u00e4ivitt\u00e4\u00e4 aika ajoin esimerkiksi lains\u00e4\u00e4d\u00e4nn\u00f6n muuttuessa.<br \/>\nT\u00e4m\u00e4 tietosuojaseloste on viimeksi p\u00e4ivitetty 16.3.2023.<\/p>\n","protected":false},"excerpt":{"rendered":"<p>Tietosuojaseloste Villa Q 1. Rekisterinpit\u00e4j\u00e4 ja yhteyshenkil\u00f6 Rekisterinpit\u00e4j\u00e4: Bostads Ab Eken\u00e4s Badinr\u00e4ttning i Raseborg Osoite: c\/o Gamla Bastun, L\u00e4nsivalli 11, FI-10600 Tammisaari Puhelin: +358 40 485 8880 Yhteyshenkil\u00f6 ja tietosuojavastaava: Matti Laamanen 2. Rekisterin nimi ja rekister\u00f6idyt Asiakasrekisteri. Rekisteriss\u00e4 k\u00e4sitell\u00e4\u00e4n yrityksen asiakastietoja. 3. Henkil\u00f6tietojen k\u00e4sittelynk\u00e4ytt\u00f6tarkoitus Rekisterin k\u00e4ytt\u00f6tarkoituksena on asiakasyritysten ajantasainen hallinta ja yll\u00e4pito. Rekisteri\u00e4 k\u00e4ytet\u00e4\u00e4n&#8230;<\/p>\n","protected":false},"author":1,"featured_media":0,"parent":0,"menu_order":0,"comment_status":"closed","ping_status":"open","template":"","meta":{"footnotes":""},"class_list":["post-3","page","type-page","status-publish","hentry"],"yoast_head":"<!-- This site is optimized with the Yoast SEO plugin v27.5 - https:\/\/yoast.com\/product\/yoast-seo-wordpress\/ -->\n<title>Tietosuojaseloste - Villa Q<\/title>\n<meta name=\"robots\" content=\"index, follow, max-snippet:-1, max-image-preview:large, max-video-preview:-1\" \/>\n<link rel=\"canonical\" href=\"https:\/\/gamlabastun.fi\/villaq\/tietosuojaseloste\/\" \/>\n<meta property=\"og:locale\" content=\"fi_FI\" \/>\n<meta property=\"og:type\" content=\"article\" \/>\n<meta property=\"og:title\" content=\"Tietosuojaseloste - Villa Q\" \/>\n<meta property=\"og:description\" content=\"Tietosuojaseloste Villa Q 1. Rekisterinpit\u00e4j\u00e4 ja yhteyshenkil\u00f6 Rekisterinpit\u00e4j\u00e4: Bostads Ab Eken\u00e4s Badinr\u00e4ttning i Raseborg Osoite: c\/o Gamla Bastun, L\u00e4nsivalli 11, FI-10600 Tammisaari Puhelin: +358 40 485 8880 Yhteyshenkil\u00f6 ja tietosuojavastaava: Matti Laamanen 2. Rekisterin nimi ja rekister\u00f6idyt Asiakasrekisteri. Rekisteriss\u00e4 k\u00e4sitell\u00e4\u00e4n yrityksen asiakastietoja. 3. Henkil\u00f6tietojen k\u00e4sittelynk\u00e4ytt\u00f6tarkoitus Rekisterin k\u00e4ytt\u00f6tarkoituksena on asiakasyritysten ajantasainen hallinta ja yll\u00e4pito. Rekisteri\u00e4 k\u00e4ytet\u00e4\u00e4n...\" \/>\n<meta property=\"og:url\" content=\"https:\/\/gamlabastun.fi\/villaq\/tietosuojaseloste\/\" \/>\n<meta property=\"og:site_name\" content=\"Villa Q\" \/>\n<meta property=\"article:modified_time\" content=\"2024-09-30T06:42:29+00:00\" \/>\n<meta name=\"twitter:card\" content=\"summary_large_image\" \/>\n<meta name=\"twitter:label1\" content=\"Arvioitu lukuaika\" \/>\n\t<meta name=\"twitter:data1\" content=\"4 minuuttia\" \/>\n<script type=\"application\/ld+json\" class=\"yoast-schema-graph\">{\"@context\":\"https:\\\/\\\/schema.org\",\"@graph\":[{\"@type\":\"WebPage\",\"@id\":\"https:\\\/\\\/gamlabastun.fi\\\/villaq\\\/tietosuojaseloste\\\/\",\"url\":\"https:\\\/\\\/gamlabastun.fi\\\/villaq\\\/tietosuojaseloste\\\/\",\"name\":\"Tietosuojaseloste - Villa Q\",\"isPartOf\":{\"@id\":\"https:\\\/\\\/gamlabastun.fi\\\/villaq\\\/#website\"},\"datePublished\":\"2021-05-05T05:29:56+00:00\",\"dateModified\":\"2024-09-30T06:42:29+00:00\",\"breadcrumb\":{\"@id\":\"https:\\\/\\\/gamlabastun.fi\\\/villaq\\\/tietosuojaseloste\\\/#breadcrumb\"},\"inLanguage\":\"fi\",\"potentialAction\":[{\"@type\":\"ReadAction\",\"target\":[\"https:\\\/\\\/gamlabastun.fi\\\/villaq\\\/tietosuojaseloste\\\/\"]}]},{\"@type\":\"BreadcrumbList\",\"@id\":\"https:\\\/\\\/gamlabastun.fi\\\/villaq\\\/tietosuojaseloste\\\/#breadcrumb\",\"itemListElement\":[{\"@type\":\"ListItem\",\"position\":1,\"name\":\"Etusivu\",\"item\":\"https:\\\/\\\/gamlabastun.fi\\\/villaq\\\/\"},{\"@type\":\"ListItem\",\"position\":2,\"name\":\"Tietosuojaseloste\"}]},{\"@type\":\"WebSite\",\"@id\":\"https:\\\/\\\/gamlabastun.fi\\\/villaq\\\/#website\",\"url\":\"https:\\\/\\\/gamlabastun.fi\\\/villaq\\\/\",\"name\":\"Villa Q\",\"description\":\"\",\"potentialAction\":[{\"@type\":\"SearchAction\",\"target\":{\"@type\":\"EntryPoint\",\"urlTemplate\":\"https:\\\/\\\/gamlabastun.fi\\\/villaq\\\/?s={search_term_string}\"},\"query-input\":{\"@type\":\"PropertyValueSpecification\",\"valueRequired\":true,\"valueName\":\"search_term_string\"}}],\"inLanguage\":\"fi\"}]}<\/script>\n<!-- \/ Yoast SEO plugin. -->","yoast_head_json":{"title":"Tietosuojaseloste - Villa Q","robots":{"index":"index","follow":"follow","max-snippet":"max-snippet:-1","max-image-preview":"max-image-preview:large","max-video-preview":"max-video-preview:-1"},"canonical":"https:\/\/gamlabastun.fi\/villaq\/tietosuojaseloste\/","og_locale":"fi_FI","og_type":"article","og_title":"Tietosuojaseloste - Villa Q","og_description":"Tietosuojaseloste Villa Q 1. Rekisterinpit\u00e4j\u00e4 ja yhteyshenkil\u00f6 Rekisterinpit\u00e4j\u00e4: Bostads Ab Eken\u00e4s Badinr\u00e4ttning i Raseborg Osoite: c\/o Gamla Bastun, L\u00e4nsivalli 11, FI-10600 Tammisaari Puhelin: +358 40 485 8880 Yhteyshenkil\u00f6 ja tietosuojavastaava: Matti Laamanen 2. Rekisterin nimi ja rekister\u00f6idyt Asiakasrekisteri. Rekisteriss\u00e4 k\u00e4sitell\u00e4\u00e4n yrityksen asiakastietoja. 3. Henkil\u00f6tietojen k\u00e4sittelynk\u00e4ytt\u00f6tarkoitus Rekisterin k\u00e4ytt\u00f6tarkoituksena on asiakasyritysten ajantasainen hallinta ja yll\u00e4pito. Rekisteri\u00e4 k\u00e4ytet\u00e4\u00e4n...","og_url":"https:\/\/gamlabastun.fi\/villaq\/tietosuojaseloste\/","og_site_name":"Villa Q","article_modified_time":"2024-09-30T06:42:29+00:00","twitter_card":"summary_large_image","twitter_misc":{"Arvioitu lukuaika":"4 minuuttia"},"schema":{"@context":"https:\/\/schema.org","@graph":[{"@type":"WebPage","@id":"https:\/\/gamlabastun.fi\/villaq\/tietosuojaseloste\/","url":"https:\/\/gamlabastun.fi\/villaq\/tietosuojaseloste\/","name":"Tietosuojaseloste - Villa Q","isPartOf":{"@id":"https:\/\/gamlabastun.fi\/villaq\/#website"},"datePublished":"2021-05-05T05:29:56+00:00","dateModified":"2024-09-30T06:42:29+00:00","breadcrumb":{"@id":"https:\/\/gamlabastun.fi\/villaq\/tietosuojaseloste\/#breadcrumb"},"inLanguage":"fi","potentialAction":[{"@type":"ReadAction","target":["https:\/\/gamlabastun.fi\/villaq\/tietosuojaseloste\/"]}]},{"@type":"BreadcrumbList","@id":"https:\/\/gamlabastun.fi\/villaq\/tietosuojaseloste\/#breadcrumb","itemListElement":[{"@type":"ListItem","position":1,"name":"Etusivu","item":"https:\/\/gamlabastun.fi\/villaq\/"},{"@type":"ListItem","position":2,"name":"Tietosuojaseloste"}]},{"@type":"WebSite","@id":"https:\/\/gamlabastun.fi\/villaq\/#website","url":"https:\/\/gamlabastun.fi\/villaq\/","name":"Villa Q","description":"","potentialAction":[{"@type":"SearchAction","target":{"@type":"EntryPoint","urlTemplate":"https:\/\/gamlabastun.fi\/villaq\/?s={search_term_string}"},"query-input":{"@type":"PropertyValueSpecification","valueRequired":true,"valueName":"search_term_string"}}],"inLanguage":"fi"}]}},"_links":{"self":[{"href":"https:\/\/gamlabastun.fi\/villaq\/wp-json\/wp\/v2\/pages\/3","targetHints":{"allow":["GET"]}}],"collection":[{"href":"https:\/\/gamlabastun.fi\/villaq\/wp-json\/wp\/v2\/pages"}],"about":[{"href":"https:\/\/gamlabastun.fi\/villaq\/wp-json\/wp\/v2\/types\/page"}],"author":[{"embeddable":true,"href":"https:\/\/gamlabastun.fi\/villaq\/wp-json\/wp\/v2\/users\/1"}],"replies":[{"embeddable":true,"href":"https:\/\/gamlabastun.fi\/villaq\/wp-json\/wp\/v2\/comments?post=3"}],"version-history":[{"count":15,"href":"https:\/\/gamlabastun.fi\/villaq\/wp-json\/wp\/v2\/pages\/3\/revisions"}],"predecessor-version":[{"id":1316,"href":"https:\/\/gamlabastun.fi\/villaq\/wp-json\/wp\/v2\/pages\/3\/revisions\/1316"}],"wp:attachment":[{"href":"https:\/\/gamlabastun.fi\/villaq\/wp-json\/wp\/v2\/media?parent=3"}],"curies":[{"name":"wp","href":"https:\/\/api.w.org\/{rel}","templated":true}]}}